{"id":11763,"date":"2025-11-18T15:59:50","date_gmt":"2025-11-18T18:59:50","guid":{"rendered":"https:\/\/promoalge.com.br\/?post_type=product&#038;p=11763"},"modified":"2025-11-18T15:59:50","modified_gmt":"2025-11-18T18:59:50","slug":"caderno-de-disco-ecologico-pr-15290b","status":"publish","type":"product","link":"https:\/\/promoalge.com.br\/?product=caderno-de-disco-ecologico-pr-15290b","title":{"rendered":"Caderno de Disco Ecol\u00f3gico &#8211; PR 15290B"},"content":{"rendered":"","protected":false},"excerpt":{"rendered":"<p>Descri\u00e7\u00e3o: Caderno de capa dura em papel reciclado, com fechamento em el\u00e1stico e encaderna\u00e7\u00e3o em discos de fibra de arroz, que permitem adicionar ou retirar folhas compat\u00edveis. Possui p\u00e1ginas dedicadas para dados pessoais, calend\u00e1rios de 2025 e 2026 e um manual para troca e retirada de folhas. Possui cerca de 80 folhas em papel reciclado pautadas.<\/p>\n<p>Largura :  18 cm<\/p>\n<p>Espessura :  2,2 cm<\/p>\n<p>Comprimento :  23,6 cm<\/p>\n<p>Quantidade minima de 50 unidades.<\/p>\n","protected":false},"featured_media":11764,"template":"","meta":[],"product_brand":[],"product_cat":[59],"product_tag":[],"class_list":{"0":"post-11763","1":"product","2":"type-product","3":"status-publish","4":"has-post-thumbnail","6":"product_cat-agendas-cadernos","8":"first","9":"instock","10":"shipping-taxable","11":"product-type-simple"},"_links":{"self":[{"href":"https:\/\/promoalge.com.br\/index.php?rest_route=\/wp\/v2\/product\/11763","targetHints":{"allow":["GET"]}}],"collection":[{"href":"https:\/\/promoalge.com.br\/index.php?rest_route=\/wp\/v2\/product"}],"about":[{"href":"https:\/\/promoalge.com.br\/index.php?rest_route=\/wp\/v2\/types\/product"}],"wp:featuredmedia":[{"embeddable":true,"href":"https:\/\/promoalge.com.br\/index.php?rest_route=\/wp\/v2\/media\/11764"}],"wp:attachment":[{"href":"https:\/\/promoalge.com.br\/index.php?rest_route=%2Fwp%2Fv2%2Fmedia&parent=11763"}],"wp:term":[{"taxonomy":"product_brand","embeddable":true,"href":"https:\/\/promoalge.com.br\/index.php?rest_route=%2Fwp%2Fv2%2Fproduct_brand&post=11763"},{"taxonomy":"product_cat","embeddable":true,"href":"https:\/\/promoalge.com.br\/index.php?rest_route=%2Fwp%2Fv2%2Fproduct_cat&post=11763"},{"taxonomy":"product_tag","embeddable":true,"href":"https:\/\/promoalge.com.br\/index.php?rest_route=%2Fwp%2Fv2%2Fproduct_tag&post=11763"}],"curies":[{"name":"wp","href":"https:\/\/api.w.org\/{rel}","templated":true}]}}