{"id":11769,"date":"2025-11-18T16:39:23","date_gmt":"2025-11-18T19:39:23","guid":{"rendered":"https:\/\/promoalge.com.br\/?post_type=product&#038;p=11769"},"modified":"2025-11-18T16:39:24","modified_gmt":"2025-11-18T19:39:24","slug":"porta-joias-pr-p02631","status":"publish","type":"product","link":"https:\/\/promoalge.com.br\/?product=porta-joias-pr-p02631","title":{"rendered":"Porta-Joias &#8211; PR P@02631"},"content":{"rendered":"","protected":false},"excerpt":{"rendered":"<p>Descri\u00e7\u00e3o: Porta-joias feita em couro sint\u00e9tico com revestimento aveludado e fechamento em z\u00edper. Possui tr\u00eas ganchos pequenos e um bolso com el\u00e1stico na parte interna da tampa, al\u00e9m de divis\u00f3ria remov\u00edvel com quatro compartimentos e um espa\u00e7o estofado com ranhuras, ideal para organizar brincos e an\u00e9is.<\/p>\n<p>Altura :  5,5 cm<\/p>\n<p>Largura :  12 cm<\/p>\n<p>Comprimento :  11,9 cm<\/p>\n<p>Quantidade minima de 50 unidades.<\/p>\n","protected":false},"featured_media":11770,"template":"","meta":[],"product_brand":[],"product_cat":[416],"product_tag":[],"class_list":{"0":"post-11769","1":"product","2":"type-product","3":"status-publish","4":"has-post-thumbnail","6":"product_cat-necessaire","8":"first","9":"instock","10":"shipping-taxable","11":"product-type-simple"},"_links":{"self":[{"href":"https:\/\/promoalge.com.br\/index.php?rest_route=\/wp\/v2\/product\/11769","targetHints":{"allow":["GET"]}}],"collection":[{"href":"https:\/\/promoalge.com.br\/index.php?rest_route=\/wp\/v2\/product"}],"about":[{"href":"https:\/\/promoalge.com.br\/index.php?rest_route=\/wp\/v2\/types\/product"}],"wp:featuredmedia":[{"embeddable":true,"href":"https:\/\/promoalge.com.br\/index.php?rest_route=\/wp\/v2\/media\/11770"}],"wp:attachment":[{"href":"https:\/\/promoalge.com.br\/index.php?rest_route=%2Fwp%2Fv2%2Fmedia&parent=11769"}],"wp:term":[{"taxonomy":"product_brand","embeddable":true,"href":"https:\/\/promoalge.com.br\/index.php?rest_route=%2Fwp%2Fv2%2Fproduct_brand&post=11769"},{"taxonomy":"product_cat","embeddable":true,"href":"https:\/\/promoalge.com.br\/index.php?rest_route=%2Fwp%2Fv2%2Fproduct_cat&post=11769"},{"taxonomy":"product_tag","embeddable":true,"href":"https:\/\/promoalge.com.br\/index.php?rest_route=%2Fwp%2Fv2%2Fproduct_tag&post=11769"}],"curies":[{"name":"wp","href":"https:\/\/api.w.org\/{rel}","templated":true}]}}