{"id":11772,"date":"2025-11-18T16:42:21","date_gmt":"2025-11-18T19:42:21","guid":{"rendered":"https:\/\/promoalge.com.br\/?post_type=product&#038;p=11772"},"modified":"2025-11-18T16:42:22","modified_gmt":"2025-11-18T19:42:22","slug":"porta-joias-com-espelho-pr-p07489","status":"publish","type":"product","link":"https:\/\/promoalge.com.br\/?product=porta-joias-com-espelho-pr-p07489","title":{"rendered":"Porta-Joias com Espelho &#8211; PR P@07489"},"content":{"rendered":"","protected":false},"excerpt":{"rendered":"<p>Descri\u00e7\u00e3o: Porta-joias em poliuretano (PU) e revestimento interno aveludado. Apresenta, em seu interior, um espelho fixo e mais seis divis\u00f3rias, incluindo uma reparti\u00e7\u00e3o almofadada com ranhuras para guardar an\u00e9is. Al\u00e9m disso, o estojo possui trava de seguran\u00e7a para fechamento.<\/p>\n<p>Altura :  6,5 cm<\/p>\n<p>Profundidade :  14,8 cm<\/p>\n<p>Comprimento :  22,3 cm<\/p>\n<p>Quantidade minima de 50 unidades.<\/p>\n","protected":false},"featured_media":11773,"template":"","meta":[],"product_brand":[],"product_cat":[353],"product_tag":[],"class_list":{"0":"post-11772","1":"product","2":"type-product","3":"status-publish","4":"has-post-thumbnail","6":"product_cat-diversos","8":"first","9":"instock","10":"shipping-taxable","11":"product-type-simple"},"_links":{"self":[{"href":"https:\/\/promoalge.com.br\/index.php?rest_route=\/wp\/v2\/product\/11772","targetHints":{"allow":["GET"]}}],"collection":[{"href":"https:\/\/promoalge.com.br\/index.php?rest_route=\/wp\/v2\/product"}],"about":[{"href":"https:\/\/promoalge.com.br\/index.php?rest_route=\/wp\/v2\/types\/product"}],"wp:featuredmedia":[{"embeddable":true,"href":"https:\/\/promoalge.com.br\/index.php?rest_route=\/wp\/v2\/media\/11773"}],"wp:attachment":[{"href":"https:\/\/promoalge.com.br\/index.php?rest_route=%2Fwp%2Fv2%2Fmedia&parent=11772"}],"wp:term":[{"taxonomy":"product_brand","embeddable":true,"href":"https:\/\/promoalge.com.br\/index.php?rest_route=%2Fwp%2Fv2%2Fproduct_brand&post=11772"},{"taxonomy":"product_cat","embeddable":true,"href":"https:\/\/promoalge.com.br\/index.php?rest_route=%2Fwp%2Fv2%2Fproduct_cat&post=11772"},{"taxonomy":"product_tag","embeddable":true,"href":"https:\/\/promoalge.com.br\/index.php?rest_route=%2Fwp%2Fv2%2Fproduct_tag&post=11772"}],"curies":[{"name":"wp","href":"https:\/\/api.w.org\/{rel}","templated":true}]}}