{"id":11792,"date":"2025-12-17T14:03:05","date_gmt":"2025-12-17T17:03:05","guid":{"rendered":"https:\/\/promoalge.com.br\/?post_type=product&#038;p=11792"},"modified":"2025-12-17T14:03:05","modified_gmt":"2025-12-17T17:03:05","slug":"squeeze-plastico-750ml-pr-08189a","status":"publish","type":"product","link":"https:\/\/promoalge.com.br\/?product=squeeze-plastico-750ml-pr-08189a","title":{"rendered":"Squeeze Pl\u00e1stico 750ml &#8211; PR 08189A"},"content":{"rendered":"","protected":false},"excerpt":{"rendered":"<p>Descri\u00e7\u00e3o: Squeeze pl\u00e1stico livre de BPA, com capacidade m\u00e1xima de 750ml e marca\u00e7\u00e3o de volume de 700ml impressa no corpo. Disp\u00f5e de bocal pl\u00e1stico com protetor rosque\u00e1vel para o bocal e al\u00e7a fixa. Acompanha cord\u00e3o de nylon para prender \u00e0 al\u00e7a da tampa.<\/p>\n<p>Altura :  26,8 cm<\/p>\n<p>Largura :  8,7 cm<\/p>\n<p>Circunfer\u00eancia :  22,5 cm<\/p>\n<p>Quantidade minima de 50 unidades.<\/p>\n","protected":false},"featured_media":11793,"template":"","meta":[],"product_brand":[],"product_cat":[251],"product_tag":[],"class_list":{"0":"post-11792","1":"product","2":"type-product","3":"status-publish","4":"has-post-thumbnail","6":"product_cat-plastica-canecas-copos-garrafas","8":"first","9":"instock","10":"shipping-taxable","11":"product-type-simple"},"_links":{"self":[{"href":"https:\/\/promoalge.com.br\/index.php?rest_route=\/wp\/v2\/product\/11792","targetHints":{"allow":["GET"]}}],"collection":[{"href":"https:\/\/promoalge.com.br\/index.php?rest_route=\/wp\/v2\/product"}],"about":[{"href":"https:\/\/promoalge.com.br\/index.php?rest_route=\/wp\/v2\/types\/product"}],"wp:featuredmedia":[{"embeddable":true,"href":"https:\/\/promoalge.com.br\/index.php?rest_route=\/wp\/v2\/media\/11793"}],"wp:attachment":[{"href":"https:\/\/promoalge.com.br\/index.php?rest_route=%2Fwp%2Fv2%2Fmedia&parent=11792"}],"wp:term":[{"taxonomy":"product_brand","embeddable":true,"href":"https:\/\/promoalge.com.br\/index.php?rest_route=%2Fwp%2Fv2%2Fproduct_brand&post=11792"},{"taxonomy":"product_cat","embeddable":true,"href":"https:\/\/promoalge.com.br\/index.php?rest_route=%2Fwp%2Fv2%2Fproduct_cat&post=11792"},{"taxonomy":"product_tag","embeddable":true,"href":"https:\/\/promoalge.com.br\/index.php?rest_route=%2Fwp%2Fv2%2Fproduct_tag&post=11792"}],"curies":[{"name":"wp","href":"https:\/\/api.w.org\/{rel}","templated":true}]}}