{"id":11801,"date":"2025-12-17T14:39:09","date_gmt":"2025-12-17T17:39:09","guid":{"rendered":"https:\/\/promoalge.com.br\/?post_type=product&#038;p=11801"},"modified":"2025-12-17T14:39:09","modified_gmt":"2025-12-17T17:39:09","slug":"garrafa-termica-780ml-pr-18518a","status":"publish","type":"product","link":"https:\/\/promoalge.com.br\/?product=garrafa-termica-780ml-pr-18518a","title":{"rendered":"Garrafa T\u00e9rmica 780ml &#8211; PR 18518A"},"content":{"rendered":"","protected":false},"excerpt":{"rendered":"<p>Descri\u00e7\u00e3o: Garrafa t\u00e9rmica em inox 304 com tampa rosque\u00e1vel e capacidade m\u00e1xima de 780ml. Possui estrutura de parede dupla e veda\u00e7\u00e3o a v\u00e1cuo, garantindo a temperatura de l\u00edquidos conservada por mais tempo.<\/p>\n<p>Altura :  31,5 cm<\/p>\n<p>Largura :  8 cm<\/p>\n<p>Circunfer\u00eancia :  25 cm<\/p>\n<p>Quantidade minima de 50 unidades.<\/p>\n","protected":false},"featured_media":11802,"template":"","meta":[],"product_brand":[],"product_cat":[237],"product_tag":[],"class_list":{"0":"post-11801","1":"product","2":"type-product","3":"status-publish","4":"has-post-thumbnail","6":"product_cat-metalicas","8":"first","9":"instock","10":"shipping-taxable","11":"product-type-simple"},"_links":{"self":[{"href":"https:\/\/promoalge.com.br\/index.php?rest_route=\/wp\/v2\/product\/11801","targetHints":{"allow":["GET"]}}],"collection":[{"href":"https:\/\/promoalge.com.br\/index.php?rest_route=\/wp\/v2\/product"}],"about":[{"href":"https:\/\/promoalge.com.br\/index.php?rest_route=\/wp\/v2\/types\/product"}],"wp:featuredmedia":[{"embeddable":true,"href":"https:\/\/promoalge.com.br\/index.php?rest_route=\/wp\/v2\/media\/11802"}],"wp:attachment":[{"href":"https:\/\/promoalge.com.br\/index.php?rest_route=%2Fwp%2Fv2%2Fmedia&parent=11801"}],"wp:term":[{"taxonomy":"product_brand","embeddable":true,"href":"https:\/\/promoalge.com.br\/index.php?rest_route=%2Fwp%2Fv2%2Fproduct_brand&post=11801"},{"taxonomy":"product_cat","embeddable":true,"href":"https:\/\/promoalge.com.br\/index.php?rest_route=%2Fwp%2Fv2%2Fproduct_cat&post=11801"},{"taxonomy":"product_tag","embeddable":true,"href":"https:\/\/promoalge.com.br\/index.php?rest_route=%2Fwp%2Fv2%2Fproduct_tag&post=11801"}],"curies":[{"name":"wp","href":"https:\/\/api.w.org\/{rel}","templated":true}]}}