{"id":11803,"date":"2025-12-17T14:41:01","date_gmt":"2025-12-17T17:41:01","guid":{"rendered":"https:\/\/promoalge.com.br\/?post_type=product&#038;p=11803"},"modified":"2025-12-17T14:41:01","modified_gmt":"2025-12-17T17:41:01","slug":"garrafa-plastica-615ml-pr-18695a","status":"publish","type":"product","link":"https:\/\/promoalge.com.br\/?product=garrafa-plastica-615ml-pr-18695a","title":{"rendered":"Garrafa Pl\u00e1stica 615ml &#8211; PR 18695A"},"content":{"rendered":"","protected":false},"excerpt":{"rendered":"<p>Descri\u00e7\u00e3o: Garrafa pl\u00e1stica com capacidade m\u00e1xima de 615ml e marca\u00e7\u00e3o de volume de 600ml. Possui tampa rosque\u00e1vel em alum\u00ednio com al\u00e7a de nylon para transporte.<\/p>\n<p>Altura :  23 cm<\/p>\n<p>Largura :  6,7 cm<\/p>\n<p>Circunfer\u00eancia :  21,1 cm<\/p>\n<p>Quantidade minima de 50 unidades.<\/p>\n","protected":false},"featured_media":11804,"template":"","meta":[],"product_brand":[],"product_cat":[251],"product_tag":[],"class_list":{"0":"post-11803","1":"product","2":"type-product","3":"status-publish","4":"has-post-thumbnail","6":"product_cat-plastica-canecas-copos-garrafas","8":"first","9":"instock","10":"shipping-taxable","11":"product-type-simple"},"_links":{"self":[{"href":"https:\/\/promoalge.com.br\/index.php?rest_route=\/wp\/v2\/product\/11803","targetHints":{"allow":["GET"]}}],"collection":[{"href":"https:\/\/promoalge.com.br\/index.php?rest_route=\/wp\/v2\/product"}],"about":[{"href":"https:\/\/promoalge.com.br\/index.php?rest_route=\/wp\/v2\/types\/product"}],"wp:featuredmedia":[{"embeddable":true,"href":"https:\/\/promoalge.com.br\/index.php?rest_route=\/wp\/v2\/media\/11804"}],"wp:attachment":[{"href":"https:\/\/promoalge.com.br\/index.php?rest_route=%2Fwp%2Fv2%2Fmedia&parent=11803"}],"wp:term":[{"taxonomy":"product_brand","embeddable":true,"href":"https:\/\/promoalge.com.br\/index.php?rest_route=%2Fwp%2Fv2%2Fproduct_brand&post=11803"},{"taxonomy":"product_cat","embeddable":true,"href":"https:\/\/promoalge.com.br\/index.php?rest_route=%2Fwp%2Fv2%2Fproduct_cat&post=11803"},{"taxonomy":"product_tag","embeddable":true,"href":"https:\/\/promoalge.com.br\/index.php?rest_route=%2Fwp%2Fv2%2Fproduct_tag&post=11803"}],"curies":[{"name":"wp","href":"https:\/\/api.w.org\/{rel}","templated":true}]}}