{"id":11813,"date":"2025-12-17T14:56:05","date_gmt":"2025-12-17T17:56:05","guid":{"rendered":"https:\/\/promoalge.com.br\/?post_type=product&#038;p=11813"},"modified":"2025-12-17T14:56:06","modified_gmt":"2025-12-17T17:56:06","slug":"garrafa-inox-750ml-pr-e09071","status":"publish","type":"product","link":"https:\/\/promoalge.com.br\/?product=garrafa-inox-750ml-pr-e09071","title":{"rendered":"Garrafa Inox 750ml &#8211; PR E@09071"},"content":{"rendered":"","protected":false},"excerpt":{"rendered":"<p>Descri\u00e7\u00e3o: Garrafa t\u00e9rmica em inox 304 com pintura de acabamento emborrachado, estrutura de parede dupla, tampa rosque\u00e1vel e capacidade para at\u00e9 750ml.<\/p>\n<p>Altura :  25,8 cm<\/p>\n<p>Largura :  7,8 cm<\/p>\n<p>Circunfer\u00eancia :  24,6 cm<\/p>\n<p>Quantidade minima de 50 unidades.<\/p>\n","protected":false},"featured_media":11814,"template":"","meta":[],"product_brand":[],"product_cat":[237],"product_tag":[],"class_list":{"0":"post-11813","1":"product","2":"type-product","3":"status-publish","4":"has-post-thumbnail","6":"product_cat-metalicas","8":"first","9":"instock","10":"shipping-taxable","11":"product-type-simple"},"_links":{"self":[{"href":"https:\/\/promoalge.com.br\/index.php?rest_route=\/wp\/v2\/product\/11813","targetHints":{"allow":["GET"]}}],"collection":[{"href":"https:\/\/promoalge.com.br\/index.php?rest_route=\/wp\/v2\/product"}],"about":[{"href":"https:\/\/promoalge.com.br\/index.php?rest_route=\/wp\/v2\/types\/product"}],"wp:featuredmedia":[{"embeddable":true,"href":"https:\/\/promoalge.com.br\/index.php?rest_route=\/wp\/v2\/media\/11814"}],"wp:attachment":[{"href":"https:\/\/promoalge.com.br\/index.php?rest_route=%2Fwp%2Fv2%2Fmedia&parent=11813"}],"wp:term":[{"taxonomy":"product_brand","embeddable":true,"href":"https:\/\/promoalge.com.br\/index.php?rest_route=%2Fwp%2Fv2%2Fproduct_brand&post=11813"},{"taxonomy":"product_cat","embeddable":true,"href":"https:\/\/promoalge.com.br\/index.php?rest_route=%2Fwp%2Fv2%2Fproduct_cat&post=11813"},{"taxonomy":"product_tag","embeddable":true,"href":"https:\/\/promoalge.com.br\/index.php?rest_route=%2Fwp%2Fv2%2Fproduct_tag&post=11813"}],"curies":[{"name":"wp","href":"https:\/\/api.w.org\/{rel}","templated":true}]}}