{"id":11825,"date":"2025-12-19T10:29:06","date_gmt":"2025-12-19T13:29:06","guid":{"rendered":"https:\/\/promoalge.com.br\/?post_type=product&#038;p=11825"},"modified":"2025-12-19T10:29:07","modified_gmt":"2025-12-19T13:29:07","slug":"garrafa-inox-parede-dupla-250ml-pr-06012","status":"publish","type":"product","link":"https:\/\/promoalge.com.br\/?product=garrafa-inox-parede-dupla-250ml-pr-06012","title":{"rendered":"Garrafa Inox Parede Dupla 250ml &#8211; PR 06012"},"content":{"rendered":"","protected":false},"excerpt":{"rendered":"<p>Descri\u00e7\u00e3o: Garrafa inox 304 com parede dupla, capacidade de 250ml. Cont\u00e9m tampa pl\u00e1stica com design de bambu e al\u00e7a de silicone para transporte.<\/p>\n<p>Altura :  14 cm<\/p>\n<p>Largura :  6,7 cm<\/p>\n<p>Circunfer\u00eancia :  20,9 cm<\/p>\n<p>Quantidade minima de 50 unidades.<\/p>\n","protected":false},"featured_media":11826,"template":"","meta":[],"product_brand":[],"product_cat":[237],"product_tag":[],"class_list":{"0":"post-11825","1":"product","2":"type-product","3":"status-publish","4":"has-post-thumbnail","6":"product_cat-metalicas","8":"first","9":"instock","10":"shipping-taxable","11":"product-type-simple"},"_links":{"self":[{"href":"https:\/\/promoalge.com.br\/index.php?rest_route=\/wp\/v2\/product\/11825","targetHints":{"allow":["GET"]}}],"collection":[{"href":"https:\/\/promoalge.com.br\/index.php?rest_route=\/wp\/v2\/product"}],"about":[{"href":"https:\/\/promoalge.com.br\/index.php?rest_route=\/wp\/v2\/types\/product"}],"wp:featuredmedia":[{"embeddable":true,"href":"https:\/\/promoalge.com.br\/index.php?rest_route=\/wp\/v2\/media\/11826"}],"wp:attachment":[{"href":"https:\/\/promoalge.com.br\/index.php?rest_route=%2Fwp%2Fv2%2Fmedia&parent=11825"}],"wp:term":[{"taxonomy":"product_brand","embeddable":true,"href":"https:\/\/promoalge.com.br\/index.php?rest_route=%2Fwp%2Fv2%2Fproduct_brand&post=11825"},{"taxonomy":"product_cat","embeddable":true,"href":"https:\/\/promoalge.com.br\/index.php?rest_route=%2Fwp%2Fv2%2Fproduct_cat&post=11825"},{"taxonomy":"product_tag","embeddable":true,"href":"https:\/\/promoalge.com.br\/index.php?rest_route=%2Fwp%2Fv2%2Fproduct_tag&post=11825"}],"curies":[{"name":"wp","href":"https:\/\/api.w.org\/{rel}","templated":true}]}}