{"id":11833,"date":"2025-12-19T11:38:13","date_gmt":"2025-12-19T14:38:13","guid":{"rendered":"https:\/\/promoalge.com.br\/?post_type=product&#038;p=11833"},"modified":"2025-12-19T11:38:13","modified_gmt":"2025-12-19T14:38:13","slug":"garrafa-termica-320ml-pr-17007","status":"publish","type":"product","link":"https:\/\/promoalge.com.br\/?product=garrafa-termica-320ml-pr-17007","title":{"rendered":"Garrafa T\u00e9rmica 320ml &#8211; PR 17007"},"content":{"rendered":"","protected":false},"excerpt":{"rendered":"<p>Descri\u00e7\u00e3o: Garrafa t\u00e9rmica 320ml colorida com sistema de trava. Material met\u00e1lico com revestimento interno em inox, possui tampa pl\u00e1stica fosca com borracha interna para veda\u00e7\u00e3o evitando o vazamento de l\u00edquido e prezando sua temperatura; possui bot\u00e3o central para abertura e trava lateral(basta seguir a orienta\u00e7\u00e3o dos desenhos de cadeados simulando o travamento\/destravamento da tampa).<\/p>\n<p>Quantidade minima de 50 unidades.<\/p>\n","protected":false},"featured_media":11834,"template":"","meta":[],"product_brand":[],"product_cat":[237],"product_tag":[],"class_list":{"0":"post-11833","1":"product","2":"type-product","3":"status-publish","4":"has-post-thumbnail","6":"product_cat-metalicas","8":"first","9":"instock","10":"shipping-taxable","11":"product-type-simple"},"_links":{"self":[{"href":"https:\/\/promoalge.com.br\/index.php?rest_route=\/wp\/v2\/product\/11833","targetHints":{"allow":["GET"]}}],"collection":[{"href":"https:\/\/promoalge.com.br\/index.php?rest_route=\/wp\/v2\/product"}],"about":[{"href":"https:\/\/promoalge.com.br\/index.php?rest_route=\/wp\/v2\/types\/product"}],"wp:featuredmedia":[{"embeddable":true,"href":"https:\/\/promoalge.com.br\/index.php?rest_route=\/wp\/v2\/media\/11834"}],"wp:attachment":[{"href":"https:\/\/promoalge.com.br\/index.php?rest_route=%2Fwp%2Fv2%2Fmedia&parent=11833"}],"wp:term":[{"taxonomy":"product_brand","embeddable":true,"href":"https:\/\/promoalge.com.br\/index.php?rest_route=%2Fwp%2Fv2%2Fproduct_brand&post=11833"},{"taxonomy":"product_cat","embeddable":true,"href":"https:\/\/promoalge.com.br\/index.php?rest_route=%2Fwp%2Fv2%2Fproduct_cat&post=11833"},{"taxonomy":"product_tag","embeddable":true,"href":"https:\/\/promoalge.com.br\/index.php?rest_route=%2Fwp%2Fv2%2Fproduct_tag&post=11833"}],"curies":[{"name":"wp","href":"https:\/\/api.w.org\/{rel}","templated":true}]}}