{"id":11841,"date":"2025-12-19T12:03:30","date_gmt":"2025-12-19T15:03:30","guid":{"rendered":"https:\/\/promoalge.com.br\/?post_type=product&#038;p=11841"},"modified":"2025-12-19T12:03:30","modified_gmt":"2025-12-19T15:03:30","slug":"garrafa-termica-850ml-pr-18711","status":"publish","type":"product","link":"https:\/\/promoalge.com.br\/?product=garrafa-termica-850ml-pr-18711","title":{"rendered":"Garrafa T\u00e9rmica 850ml &#8211; PR 18711"},"content":{"rendered":"","protected":false},"excerpt":{"rendered":"<p>Descri\u00e7\u00e3o: Garrafa t\u00e9rmica com infusor de bebidas, feita em inox 304 de parede dupla com capacidade de 850ml. Tampa com al\u00e7a para transporte e tampa de prote\u00e7\u00e3o para o bocal.<\/p>\n<p>Altura :  27,5 cm<\/p>\n<p>Largura :  7,8 cm<\/p>\n<p>Circunfer\u00eancia :  25 cm<\/p>\n<p>Quantidade minima de 50 unidades.<\/p>\n","protected":false},"featured_media":11842,"template":"","meta":[],"product_brand":[],"product_cat":[237],"product_tag":[],"class_list":{"0":"post-11841","1":"product","2":"type-product","3":"status-publish","4":"has-post-thumbnail","6":"product_cat-metalicas","8":"first","9":"instock","10":"shipping-taxable","11":"product-type-simple"},"_links":{"self":[{"href":"https:\/\/promoalge.com.br\/index.php?rest_route=\/wp\/v2\/product\/11841","targetHints":{"allow":["GET"]}}],"collection":[{"href":"https:\/\/promoalge.com.br\/index.php?rest_route=\/wp\/v2\/product"}],"about":[{"href":"https:\/\/promoalge.com.br\/index.php?rest_route=\/wp\/v2\/types\/product"}],"wp:featuredmedia":[{"embeddable":true,"href":"https:\/\/promoalge.com.br\/index.php?rest_route=\/wp\/v2\/media\/11842"}],"wp:attachment":[{"href":"https:\/\/promoalge.com.br\/index.php?rest_route=%2Fwp%2Fv2%2Fmedia&parent=11841"}],"wp:term":[{"taxonomy":"product_brand","embeddable":true,"href":"https:\/\/promoalge.com.br\/index.php?rest_route=%2Fwp%2Fv2%2Fproduct_brand&post=11841"},{"taxonomy":"product_cat","embeddable":true,"href":"https:\/\/promoalge.com.br\/index.php?rest_route=%2Fwp%2Fv2%2Fproduct_cat&post=11841"},{"taxonomy":"product_tag","embeddable":true,"href":"https:\/\/promoalge.com.br\/index.php?rest_route=%2Fwp%2Fv2%2Fproduct_tag&post=11841"}],"curies":[{"name":"wp","href":"https:\/\/api.w.org\/{rel}","templated":true}]}}