{"id":11848,"date":"2025-12-19T12:26:06","date_gmt":"2025-12-19T15:26:06","guid":{"rendered":"https:\/\/promoalge.com.br\/?post_type=product&#038;p=11848"},"modified":"2025-12-19T12:26:06","modified_gmt":"2025-12-19T15:26:06","slug":"squeeze-plastico-420ml-pr-18788","status":"publish","type":"product","link":"https:\/\/promoalge.com.br\/?product=squeeze-plastico-420ml-pr-18788","title":{"rendered":"Squeeze Pl\u00e1stico 420ml &#8211; PR 18788"},"content":{"rendered":"","protected":false},"excerpt":{"rendered":"<p>Descri\u00e7\u00e3o: Hidrata\u00e7\u00e3o segura, saud\u00e1vel e pr\u00e1tica. Com 420ml de capacidade, nosso squeeze pl\u00e1stico vem com uma tampa protetora que protege o canudo de bact\u00e9rias e germes. Um simples movimento \u00e9 suficiente para acessar o canudo de silicone. Al\u00e9m disso, a al\u00e7a \u00e9 ajust\u00e1vel para proporcionar mais conforto na hora de carregar o squeeze.<\/p>\n<p>Altura :  18,8 cm<\/p>\n<p>Largura :  6,6 cm<\/p>\n<p>Circunfer\u00eancia :  21 cm<\/p>\n<p>Quantidade minima de 50 unidades.<\/p>\n","protected":false},"featured_media":11849,"template":"","meta":[],"product_brand":[],"product_cat":[251],"product_tag":[],"class_list":{"0":"post-11848","1":"product","2":"type-product","3":"status-publish","4":"has-post-thumbnail","6":"product_cat-plastica-canecas-copos-garrafas","8":"first","9":"instock","10":"shipping-taxable","11":"product-type-simple"},"_links":{"self":[{"href":"https:\/\/promoalge.com.br\/index.php?rest_route=\/wp\/v2\/product\/11848","targetHints":{"allow":["GET"]}}],"collection":[{"href":"https:\/\/promoalge.com.br\/index.php?rest_route=\/wp\/v2\/product"}],"about":[{"href":"https:\/\/promoalge.com.br\/index.php?rest_route=\/wp\/v2\/types\/product"}],"wp:featuredmedia":[{"embeddable":true,"href":"https:\/\/promoalge.com.br\/index.php?rest_route=\/wp\/v2\/media\/11849"}],"wp:attachment":[{"href":"https:\/\/promoalge.com.br\/index.php?rest_route=%2Fwp%2Fv2%2Fmedia&parent=11848"}],"wp:term":[{"taxonomy":"product_brand","embeddable":true,"href":"https:\/\/promoalge.com.br\/index.php?rest_route=%2Fwp%2Fv2%2Fproduct_brand&post=11848"},{"taxonomy":"product_cat","embeddable":true,"href":"https:\/\/promoalge.com.br\/index.php?rest_route=%2Fwp%2Fv2%2Fproduct_cat&post=11848"},{"taxonomy":"product_tag","embeddable":true,"href":"https:\/\/promoalge.com.br\/index.php?rest_route=%2Fwp%2Fv2%2Fproduct_tag&post=11848"}],"curies":[{"name":"wp","href":"https:\/\/api.w.org\/{rel}","templated":true}]}}