{"id":11850,"date":"2025-12-19T12:44:11","date_gmt":"2025-12-19T15:44:11","guid":{"rendered":"https:\/\/promoalge.com.br\/?post_type=product&#038;p=11850"},"modified":"2025-12-19T12:44:11","modified_gmt":"2025-12-19T15:44:11","slug":"garrafa-aluminio-800ml-pr-18922","status":"publish","type":"product","link":"https:\/\/promoalge.com.br\/?product=garrafa-aluminio-800ml-pr-18922","title":{"rendered":"Garrafa Alum\u00ednio 800ml &#8211; PR 18922"},"content":{"rendered":"","protected":false},"excerpt":{"rendered":"<p>Descri\u00e7\u00e3o: Garrafa de alum\u00ednio com capacidade de 800ml. Leve e resistente, a garrafa possui tampa pl\u00e1stica rosque\u00e1vel com al\u00e7a integrada para facilitar o transporte.<\/p>\n<p>Altura :  23,5 cm<\/p>\n<p>Largura :  8,6 cm<\/p>\n<p>Circunfer\u00eancia :  23,1 cm<\/p>\n<p>Quantidade minima de 50 unidadades.<\/p>\n","protected":false},"featured_media":11851,"template":"","meta":[],"product_brand":[],"product_cat":[237],"product_tag":[],"class_list":{"0":"post-11850","1":"product","2":"type-product","3":"status-publish","4":"has-post-thumbnail","6":"product_cat-metalicas","8":"first","9":"instock","10":"shipping-taxable","11":"product-type-simple"},"_links":{"self":[{"href":"https:\/\/promoalge.com.br\/index.php?rest_route=\/wp\/v2\/product\/11850","targetHints":{"allow":["GET"]}}],"collection":[{"href":"https:\/\/promoalge.com.br\/index.php?rest_route=\/wp\/v2\/product"}],"about":[{"href":"https:\/\/promoalge.com.br\/index.php?rest_route=\/wp\/v2\/types\/product"}],"wp:featuredmedia":[{"embeddable":true,"href":"https:\/\/promoalge.com.br\/index.php?rest_route=\/wp\/v2\/media\/11851"}],"wp:attachment":[{"href":"https:\/\/promoalge.com.br\/index.php?rest_route=%2Fwp%2Fv2%2Fmedia&parent=11850"}],"wp:term":[{"taxonomy":"product_brand","embeddable":true,"href":"https:\/\/promoalge.com.br\/index.php?rest_route=%2Fwp%2Fv2%2Fproduct_brand&post=11850"},{"taxonomy":"product_cat","embeddable":true,"href":"https:\/\/promoalge.com.br\/index.php?rest_route=%2Fwp%2Fv2%2Fproduct_cat&post=11850"},{"taxonomy":"product_tag","embeddable":true,"href":"https:\/\/promoalge.com.br\/index.php?rest_route=%2Fwp%2Fv2%2Fproduct_tag&post=11850"}],"curies":[{"name":"wp","href":"https:\/\/api.w.org\/{rel}","templated":true}]}}