{"id":11853,"date":"2025-12-19T12:55:47","date_gmt":"2025-12-19T15:55:47","guid":{"rendered":"https:\/\/promoalge.com.br\/?post_type=product&#038;p=11853"},"modified":"2025-12-19T12:55:47","modified_gmt":"2025-12-19T15:55:47","slug":"garrafa-termica-350ml-pr-18941","status":"publish","type":"product","link":"https:\/\/promoalge.com.br\/?product=garrafa-termica-350ml-pr-18941","title":{"rendered":"Garrafa T\u00e9rmica 350ml &#8211; PR 18941"},"content":{"rendered":"","protected":false},"excerpt":{"rendered":"<p>Descri\u00e7\u00e3o: Desenvolvida para conservar l\u00edquidos na temperatura ideal por mais tempo, esta garrafa t\u00e9rmica de 350ml \u00e9 produzida em inox com parede dupla e isolamento a v\u00e1cuo, proporcionando alta efici\u00eancia t\u00e9rmica. Seu acabamento em a\u00e7o escovado garante um design moderno e resistente, ideal para o dia a dia.<\/p>\n<p>Altura :  22,2 cm<\/p>\n<p>Largura :  7,1 cm<\/p>\n<p>Circunfer\u00eancia :  22,3 cm<\/p>\n<p>Quantidade minima de 50 unidades.<\/p>\n","protected":false},"featured_media":11854,"template":"","meta":[],"product_brand":[],"product_cat":[237],"product_tag":[],"class_list":{"0":"post-11853","1":"product","2":"type-product","3":"status-publish","4":"has-post-thumbnail","6":"product_cat-metalicas","8":"first","9":"instock","10":"shipping-taxable","11":"product-type-simple"},"_links":{"self":[{"href":"https:\/\/promoalge.com.br\/index.php?rest_route=\/wp\/v2\/product\/11853","targetHints":{"allow":["GET"]}}],"collection":[{"href":"https:\/\/promoalge.com.br\/index.php?rest_route=\/wp\/v2\/product"}],"about":[{"href":"https:\/\/promoalge.com.br\/index.php?rest_route=\/wp\/v2\/types\/product"}],"wp:featuredmedia":[{"embeddable":true,"href":"https:\/\/promoalge.com.br\/index.php?rest_route=\/wp\/v2\/media\/11854"}],"wp:attachment":[{"href":"https:\/\/promoalge.com.br\/index.php?rest_route=%2Fwp%2Fv2%2Fmedia&parent=11853"}],"wp:term":[{"taxonomy":"product_brand","embeddable":true,"href":"https:\/\/promoalge.com.br\/index.php?rest_route=%2Fwp%2Fv2%2Fproduct_brand&post=11853"},{"taxonomy":"product_cat","embeddable":true,"href":"https:\/\/promoalge.com.br\/index.php?rest_route=%2Fwp%2Fv2%2Fproduct_cat&post=11853"},{"taxonomy":"product_tag","embeddable":true,"href":"https:\/\/promoalge.com.br\/index.php?rest_route=%2Fwp%2Fv2%2Fproduct_tag&post=11853"}],"curies":[{"name":"wp","href":"https:\/\/api.w.org\/{rel}","templated":true}]}}