{"id":11862,"date":"2026-01-06T10:23:55","date_gmt":"2026-01-06T13:23:55","guid":{"rendered":"https:\/\/promoalge.com.br\/?post_type=product&#038;p=11862"},"modified":"2026-01-06T10:23:55","modified_gmt":"2026-01-06T13:23:55","slug":"garrafa-termica-inox-1-litro-pr-05087b","status":"publish","type":"product","link":"https:\/\/promoalge.com.br\/?product=garrafa-termica-inox-1-litro-pr-05087b","title":{"rendered":"Garrafa T\u00e9rmica Inox 1 Litro &#8211; PR 05087B"},"content":{"rendered":"","protected":false},"excerpt":{"rendered":"<p>Descri\u00e7\u00e3o: Garrafa t\u00e9rmica em inox com pintura eletrost\u00e1tica e capacidade de at\u00e9 1 litro. Possui estrutura de parede dupla e isolamento a v\u00e1cuo, permitindo a conserva\u00e7\u00e3o de temperatura do l\u00edquido por mais tempo, al\u00e9m de evitar vazamentos. Possui tampa pl\u00e1stica rosque\u00e1vel com prote\u00e7\u00e3o de coval e al\u00e7a em formato retangular.<\/p>\n<p>Altura :  25,5 cm<\/p>\n<p>Largura :  9 cm<\/p>\n<p>Circunfer\u00eancia :  28,5 cm<\/p>\n<p>Quantidade minima de 50 unidades.<\/p>\n","protected":false},"featured_media":11863,"template":"","meta":[],"product_brand":[],"product_cat":[237],"product_tag":[],"class_list":{"0":"post-11862","1":"product","2":"type-product","3":"status-publish","4":"has-post-thumbnail","6":"product_cat-metalicas","8":"first","9":"instock","10":"shipping-taxable","11":"product-type-simple"},"_links":{"self":[{"href":"https:\/\/promoalge.com.br\/index.php?rest_route=\/wp\/v2\/product\/11862","targetHints":{"allow":["GET"]}}],"collection":[{"href":"https:\/\/promoalge.com.br\/index.php?rest_route=\/wp\/v2\/product"}],"about":[{"href":"https:\/\/promoalge.com.br\/index.php?rest_route=\/wp\/v2\/types\/product"}],"wp:featuredmedia":[{"embeddable":true,"href":"https:\/\/promoalge.com.br\/index.php?rest_route=\/wp\/v2\/media\/11863"}],"wp:attachment":[{"href":"https:\/\/promoalge.com.br\/index.php?rest_route=%2Fwp%2Fv2%2Fmedia&parent=11862"}],"wp:term":[{"taxonomy":"product_brand","embeddable":true,"href":"https:\/\/promoalge.com.br\/index.php?rest_route=%2Fwp%2Fv2%2Fproduct_brand&post=11862"},{"taxonomy":"product_cat","embeddable":true,"href":"https:\/\/promoalge.com.br\/index.php?rest_route=%2Fwp%2Fv2%2Fproduct_cat&post=11862"},{"taxonomy":"product_tag","embeddable":true,"href":"https:\/\/promoalge.com.br\/index.php?rest_route=%2Fwp%2Fv2%2Fproduct_tag&post=11862"}],"curies":[{"name":"wp","href":"https:\/\/api.w.org\/{rel}","templated":true}]}}