{"id":11866,"date":"2026-01-06T10:39:56","date_gmt":"2026-01-06T13:39:56","guid":{"rendered":"https:\/\/promoalge.com.br\/?post_type=product&#038;p=11866"},"modified":"2026-01-06T10:39:57","modified_gmt":"2026-01-06T13:39:57","slug":"garrafa-termica-12l-pr-08198","status":"publish","type":"product","link":"https:\/\/promoalge.com.br\/?product=garrafa-termica-12l-pr-08198","title":{"rendered":"Garrafa T\u00e9rmica 1,2L &#8211; PR 08198"},"content":{"rendered":"","protected":false},"excerpt":{"rendered":"<p>Descri\u00e7\u00e3o: Garrafa t\u00e9rmica em inox com pintura eletrost\u00e1tica e capacidade m\u00e1xima de 1,2 litro. Possui estrutura de parede dupla e isolamento a v\u00e1cuo que permite a conserva\u00e7\u00e3o da temperatura de l\u00edquidos por mais tempo. Disp\u00f5e ainda de tampa rosque\u00e1vel em pl\u00e1stico com al\u00e7a circular magn\u00e9tica compat\u00edvel com smartphones da linha iPhone da Apple.<\/p>\n<p>Altura :  30 cm<\/p>\n<p>Largura :  9 cm<\/p>\n<p>Circunfer\u00eancia :  28,5 cm<\/p>\n<p>Quantidade minima de 50 unidades.<\/p>\n","protected":false},"featured_media":11867,"template":"","meta":[],"product_brand":[],"product_cat":[237],"product_tag":[],"class_list":{"0":"post-11866","1":"product","2":"type-product","3":"status-publish","4":"has-post-thumbnail","6":"product_cat-metalicas","8":"first","9":"instock","10":"shipping-taxable","11":"product-type-simple"},"_links":{"self":[{"href":"https:\/\/promoalge.com.br\/index.php?rest_route=\/wp\/v2\/product\/11866","targetHints":{"allow":["GET"]}}],"collection":[{"href":"https:\/\/promoalge.com.br\/index.php?rest_route=\/wp\/v2\/product"}],"about":[{"href":"https:\/\/promoalge.com.br\/index.php?rest_route=\/wp\/v2\/types\/product"}],"wp:featuredmedia":[{"embeddable":true,"href":"https:\/\/promoalge.com.br\/index.php?rest_route=\/wp\/v2\/media\/11867"}],"wp:attachment":[{"href":"https:\/\/promoalge.com.br\/index.php?rest_route=%2Fwp%2Fv2%2Fmedia&parent=11866"}],"wp:term":[{"taxonomy":"product_brand","embeddable":true,"href":"https:\/\/promoalge.com.br\/index.php?rest_route=%2Fwp%2Fv2%2Fproduct_brand&post=11866"},{"taxonomy":"product_cat","embeddable":true,"href":"https:\/\/promoalge.com.br\/index.php?rest_route=%2Fwp%2Fv2%2Fproduct_cat&post=11866"},{"taxonomy":"product_tag","embeddable":true,"href":"https:\/\/promoalge.com.br\/index.php?rest_route=%2Fwp%2Fv2%2Fproduct_tag&post=11866"}],"curies":[{"name":"wp","href":"https:\/\/api.w.org\/{rel}","templated":true}]}}