{"id":11868,"date":"2026-01-06T10:44:57","date_gmt":"2026-01-06T13:44:57","guid":{"rendered":"https:\/\/promoalge.com.br\/?post_type=product&#038;p=11868"},"modified":"2026-01-06T10:44:58","modified_gmt":"2026-01-06T13:44:58","slug":"garrafa-termica-com-tampa-inox-500ml-pr-08331","status":"publish","type":"product","link":"https:\/\/promoalge.com.br\/?product=garrafa-termica-com-tampa-inox-500ml-pr-08331","title":{"rendered":"Garrafa T\u00e9rmica Com Tampa Inox 500ml &#8211; PR 08331"},"content":{"rendered":"","protected":false},"excerpt":{"rendered":"<p>Descri\u00e7\u00e3o: Garrafa t\u00e9rmica em inox com capacidade de at\u00e9 500ml. Conta com tampa rosque\u00e1vel e estrutura em parede dupla e isolamento a v\u00e1cuo, que permite conservar a temperatura de l\u00edquidos por mais tempo.<\/p>\n<p>Altura :  26,5 cm<\/p>\n<p>Largura :  6,5 cm<\/p>\n<p>Circunfer\u00eancia :  22,8 cm<\/p>\n<p>Quantidade minima de 50 unidades.<\/p>\n","protected":false},"featured_media":11869,"template":"","meta":[],"product_brand":[],"product_cat":[237],"product_tag":[],"class_list":{"0":"post-11868","1":"product","2":"type-product","3":"status-publish","4":"has-post-thumbnail","6":"product_cat-metalicas","8":"first","9":"instock","10":"shipping-taxable","11":"product-type-simple"},"_links":{"self":[{"href":"https:\/\/promoalge.com.br\/index.php?rest_route=\/wp\/v2\/product\/11868","targetHints":{"allow":["GET"]}}],"collection":[{"href":"https:\/\/promoalge.com.br\/index.php?rest_route=\/wp\/v2\/product"}],"about":[{"href":"https:\/\/promoalge.com.br\/index.php?rest_route=\/wp\/v2\/types\/product"}],"wp:featuredmedia":[{"embeddable":true,"href":"https:\/\/promoalge.com.br\/index.php?rest_route=\/wp\/v2\/media\/11869"}],"wp:attachment":[{"href":"https:\/\/promoalge.com.br\/index.php?rest_route=%2Fwp%2Fv2%2Fmedia&parent=11868"}],"wp:term":[{"taxonomy":"product_brand","embeddable":true,"href":"https:\/\/promoalge.com.br\/index.php?rest_route=%2Fwp%2Fv2%2Fproduct_brand&post=11868"},{"taxonomy":"product_cat","embeddable":true,"href":"https:\/\/promoalge.com.br\/index.php?rest_route=%2Fwp%2Fv2%2Fproduct_cat&post=11868"},{"taxonomy":"product_tag","embeddable":true,"href":"https:\/\/promoalge.com.br\/index.php?rest_route=%2Fwp%2Fv2%2Fproduct_tag&post=11868"}],"curies":[{"name":"wp","href":"https:\/\/api.w.org\/{rel}","templated":true}]}}