{"id":11872,"date":"2026-01-06T10:48:52","date_gmt":"2026-01-06T13:48:52","guid":{"rendered":"https:\/\/promoalge.com.br\/?post_type=product&#038;p=11872"},"modified":"2026-01-06T10:48:52","modified_gmt":"2026-01-06T13:48:52","slug":"garrafa-termica-400ml-com-display-led-pr-14794","status":"publish","type":"product","link":"https:\/\/promoalge.com.br\/?product=garrafa-termica-400ml-com-display-led-pr-14794","title":{"rendered":"Garrafa T\u00e9rmica 400ml com Display LED &#8211; PR 14794"},"content":{"rendered":"","protected":false},"excerpt":{"rendered":"<p>Descri\u00e7\u00e3o: Garrafa t\u00e9rmica de parede dupla em inox, capacidade de 400ml. Tampa com display touch screen de temperatura em led, acompanha infusor de bebidas.<\/p>\n<p>Altura :  22,8 cm<\/p>\n<p>Largura :  6,5 cm<\/p>\n<p>Circunfer\u00eancia :  20,5 cm<\/p>\n<p>Quantidade minima de 50 unidades.<\/p>\n","protected":false},"featured_media":11873,"template":"","meta":[],"product_brand":[],"product_cat":[237],"product_tag":[],"class_list":{"0":"post-11872","1":"product","2":"type-product","3":"status-publish","4":"has-post-thumbnail","6":"product_cat-metalicas","8":"first","9":"instock","10":"shipping-taxable","11":"product-type-simple"},"_links":{"self":[{"href":"https:\/\/promoalge.com.br\/index.php?rest_route=\/wp\/v2\/product\/11872","targetHints":{"allow":["GET"]}}],"collection":[{"href":"https:\/\/promoalge.com.br\/index.php?rest_route=\/wp\/v2\/product"}],"about":[{"href":"https:\/\/promoalge.com.br\/index.php?rest_route=\/wp\/v2\/types\/product"}],"wp:featuredmedia":[{"embeddable":true,"href":"https:\/\/promoalge.com.br\/index.php?rest_route=\/wp\/v2\/media\/11873"}],"wp:attachment":[{"href":"https:\/\/promoalge.com.br\/index.php?rest_route=%2Fwp%2Fv2%2Fmedia&parent=11872"}],"wp:term":[{"taxonomy":"product_brand","embeddable":true,"href":"https:\/\/promoalge.com.br\/index.php?rest_route=%2Fwp%2Fv2%2Fproduct_brand&post=11872"},{"taxonomy":"product_cat","embeddable":true,"href":"https:\/\/promoalge.com.br\/index.php?rest_route=%2Fwp%2Fv2%2Fproduct_cat&post=11872"},{"taxonomy":"product_tag","embeddable":true,"href":"https:\/\/promoalge.com.br\/index.php?rest_route=%2Fwp%2Fv2%2Fproduct_tag&post=11872"}],"curies":[{"name":"wp","href":"https:\/\/api.w.org\/{rel}","templated":true}]}}