{"id":11884,"date":"2026-01-06T11:09:58","date_gmt":"2026-01-06T14:09:58","guid":{"rendered":"https:\/\/promoalge.com.br\/?post_type=product&#038;p=11884"},"modified":"2026-01-06T11:09:59","modified_gmt":"2026-01-06T14:09:59","slug":"garrafa-termica-12-litros-pr-05063","status":"publish","type":"product","link":"https:\/\/promoalge.com.br\/?product=garrafa-termica-12-litros-pr-05063","title":{"rendered":"Garrafa T\u00e9rmica 1,2 Litros &#8211; PR 05063"},"content":{"rendered":"","protected":false},"excerpt":{"rendered":"<p>Descri\u00e7\u00e3o: Garrafa t\u00e9rmica feita em inox com parede dupla, capacidade de 1,2 litros. Tampa livre de BPA com al\u00e7a para transporte e tampa de prote\u00e7\u00e3o para o bocal.<\/p>\n<p>Altura :  30 cm<\/p>\n<p>Largura :  9,6 cm<\/p>\n<p>Circunfer\u00eancia :  28,6 cm<\/p>\n<p>Quantidade minima de 50 unidades.<\/p>\n","protected":false},"featured_media":11885,"template":"","meta":[],"product_brand":[],"product_cat":[237],"product_tag":[],"class_list":{"0":"post-11884","1":"product","2":"type-product","3":"status-publish","4":"has-post-thumbnail","6":"product_cat-metalicas","8":"first","9":"instock","10":"shipping-taxable","11":"product-type-simple"},"_links":{"self":[{"href":"https:\/\/promoalge.com.br\/index.php?rest_route=\/wp\/v2\/product\/11884","targetHints":{"allow":["GET"]}}],"collection":[{"href":"https:\/\/promoalge.com.br\/index.php?rest_route=\/wp\/v2\/product"}],"about":[{"href":"https:\/\/promoalge.com.br\/index.php?rest_route=\/wp\/v2\/types\/product"}],"wp:featuredmedia":[{"embeddable":true,"href":"https:\/\/promoalge.com.br\/index.php?rest_route=\/wp\/v2\/media\/11885"}],"wp:attachment":[{"href":"https:\/\/promoalge.com.br\/index.php?rest_route=%2Fwp%2Fv2%2Fmedia&parent=11884"}],"wp:term":[{"taxonomy":"product_brand","embeddable":true,"href":"https:\/\/promoalge.com.br\/index.php?rest_route=%2Fwp%2Fv2%2Fproduct_brand&post=11884"},{"taxonomy":"product_cat","embeddable":true,"href":"https:\/\/promoalge.com.br\/index.php?rest_route=%2Fwp%2Fv2%2Fproduct_cat&post=11884"},{"taxonomy":"product_tag","embeddable":true,"href":"https:\/\/promoalge.com.br\/index.php?rest_route=%2Fwp%2Fv2%2Fproduct_tag&post=11884"}],"curies":[{"name":"wp","href":"https:\/\/api.w.org\/{rel}","templated":true}]}}