{"id":11892,"date":"2026-01-08T10:47:28","date_gmt":"2026-01-08T13:47:28","guid":{"rendered":"https:\/\/promoalge.com.br\/?post_type=product&#038;p=11892"},"modified":"2026-01-08T10:47:28","modified_gmt":"2026-01-08T13:47:28","slug":"garrafa-termica-700ml-pr-06501","status":"publish","type":"product","link":"https:\/\/promoalge.com.br\/?product=garrafa-termica-700ml-pr-06501","title":{"rendered":"Garrafa T\u00e9rmica 700ml &#8211; PR 06501"},"content":{"rendered":"","protected":false},"excerpt":{"rendered":"<p>Descri\u00e7\u00e3o: Experimente a qualidade desta garrafa t\u00e9rmica que une resist\u00eancia e praticidade. Feita em inox 304, \u00e9 dur\u00e1vel e resistente \u00e0 corros\u00e3o. A base de silicone remov\u00edvel proporciona estabilidade e facilita a limpeza, enquanto a al\u00e7a de transporte tamb\u00e9m em silicone, com detalhe em inox, oferece o conforto na hora de transport\u00e1-la. Ideal para manter suas bebidas na temperatura perfeita, esta garrafa \u00e9 a escolha certa para o dia a dia.<\/p>\n<p>Altura :  19 cm<\/p>\n<p>Largura :  9,4 cm<\/p>\n<p>Circunfer\u00eancia :  29,8 cm<\/p>\n<p>Quantidade m\u00ednima de 50 unidades.<\/p>\n","protected":false},"featured_media":11893,"template":"","meta":[],"product_brand":[],"product_cat":[237],"product_tag":[],"class_list":{"0":"post-11892","1":"product","2":"type-product","3":"status-publish","4":"has-post-thumbnail","6":"product_cat-metalicas","8":"first","9":"instock","10":"shipping-taxable","11":"product-type-simple"},"_links":{"self":[{"href":"https:\/\/promoalge.com.br\/index.php?rest_route=\/wp\/v2\/product\/11892","targetHints":{"allow":["GET"]}}],"collection":[{"href":"https:\/\/promoalge.com.br\/index.php?rest_route=\/wp\/v2\/product"}],"about":[{"href":"https:\/\/promoalge.com.br\/index.php?rest_route=\/wp\/v2\/types\/product"}],"wp:featuredmedia":[{"embeddable":true,"href":"https:\/\/promoalge.com.br\/index.php?rest_route=\/wp\/v2\/media\/11893"}],"wp:attachment":[{"href":"https:\/\/promoalge.com.br\/index.php?rest_route=%2Fwp%2Fv2%2Fmedia&parent=11892"}],"wp:term":[{"taxonomy":"product_brand","embeddable":true,"href":"https:\/\/promoalge.com.br\/index.php?rest_route=%2Fwp%2Fv2%2Fproduct_brand&post=11892"},{"taxonomy":"product_cat","embeddable":true,"href":"https:\/\/promoalge.com.br\/index.php?rest_route=%2Fwp%2Fv2%2Fproduct_cat&post=11892"},{"taxonomy":"product_tag","embeddable":true,"href":"https:\/\/promoalge.com.br\/index.php?rest_route=%2Fwp%2Fv2%2Fproduct_tag&post=11892"}],"curies":[{"name":"wp","href":"https:\/\/api.w.org\/{rel}","templated":true}]}}