{"id":11901,"date":"2026-01-08T10:52:58","date_gmt":"2026-01-08T13:52:58","guid":{"rendered":"https:\/\/promoalge.com.br\/?post_type=product&#038;p=11901"},"modified":"2026-01-08T10:52:58","modified_gmt":"2026-01-08T13:52:58","slug":"garrafa-bambu-termica-500ml-com-infusor-pr-18642","status":"publish","type":"product","link":"https:\/\/promoalge.com.br\/?product=garrafa-bambu-termica-500ml-com-infusor-pr-18642","title":{"rendered":"Garrafa Bambu T\u00e9rmica 500ml com Infusor &#8211; PR 18642"},"content":{"rendered":"","protected":false},"excerpt":{"rendered":"<p>Descri\u00e7\u00e3o: Garrafa de bambu e inox t\u00e9rmica 500ml com parede dupla e infusor. Conserva temperatura quente ou fria.<\/p>\n<p>Altura :  24,4 cm<\/p>\n<p>Largura :  6,9 cm<\/p>\n<p>Circunfer\u00eancia :  21 cm<\/p>\n<p>Quantidade m\u00ednima de 50 unidades.<\/p>\n","protected":false},"featured_media":11902,"template":"","meta":[],"product_brand":[],"product_cat":[237],"product_tag":[],"class_list":{"0":"post-11901","1":"product","2":"type-product","3":"status-publish","4":"has-post-thumbnail","6":"product_cat-metalicas","8":"first","9":"instock","10":"shipping-taxable","11":"product-type-simple"},"_links":{"self":[{"href":"https:\/\/promoalge.com.br\/index.php?rest_route=\/wp\/v2\/product\/11901","targetHints":{"allow":["GET"]}}],"collection":[{"href":"https:\/\/promoalge.com.br\/index.php?rest_route=\/wp\/v2\/product"}],"about":[{"href":"https:\/\/promoalge.com.br\/index.php?rest_route=\/wp\/v2\/types\/product"}],"wp:featuredmedia":[{"embeddable":true,"href":"https:\/\/promoalge.com.br\/index.php?rest_route=\/wp\/v2\/media\/11902"}],"wp:attachment":[{"href":"https:\/\/promoalge.com.br\/index.php?rest_route=%2Fwp%2Fv2%2Fmedia&parent=11901"}],"wp:term":[{"taxonomy":"product_brand","embeddable":true,"href":"https:\/\/promoalge.com.br\/index.php?rest_route=%2Fwp%2Fv2%2Fproduct_brand&post=11901"},{"taxonomy":"product_cat","embeddable":true,"href":"https:\/\/promoalge.com.br\/index.php?rest_route=%2Fwp%2Fv2%2Fproduct_cat&post=11901"},{"taxonomy":"product_tag","embeddable":true,"href":"https:\/\/promoalge.com.br\/index.php?rest_route=%2Fwp%2Fv2%2Fproduct_tag&post=11901"}],"curies":[{"name":"wp","href":"https:\/\/api.w.org\/{rel}","templated":true}]}}