{"id":11903,"date":"2026-01-08T10:54:22","date_gmt":"2026-01-08T13:54:22","guid":{"rendered":"https:\/\/promoalge.com.br\/?post_type=product&#038;p=11903"},"modified":"2026-01-08T10:54:22","modified_gmt":"2026-01-08T13:54:22","slug":"garrafa-termica-700ml-pr-18679","status":"publish","type":"product","link":"https:\/\/promoalge.com.br\/?product=garrafa-termica-700ml-pr-18679","title":{"rendered":"Garrafa T\u00e9rmica 700ml &#8211; PR 18679"},"content":{"rendered":"","protected":false},"excerpt":{"rendered":"<p>Descri\u00e7\u00e3o: Garrafa t\u00e9rmica de parede dupla em inox, capacidade de 700ml. Tampa principal com bocal e tampa protetora com al\u00e7a de transporte acoplada.<\/p>\n<p>Altura :  28 cm<\/p>\n<p>Largura :  9,9 cm<\/p>\n<p>Circunfer\u00eancia :  24,9 cm<\/p>\n<p>Quantidade m\u00ednima de 50 unidades.<\/p>\n","protected":false},"featured_media":11904,"template":"","meta":[],"product_brand":[],"product_cat":[237],"product_tag":[],"class_list":{"0":"post-11903","1":"product","2":"type-product","3":"status-publish","4":"has-post-thumbnail","6":"product_cat-metalicas","8":"first","9":"instock","10":"shipping-taxable","11":"product-type-simple"},"_links":{"self":[{"href":"https:\/\/promoalge.com.br\/index.php?rest_route=\/wp\/v2\/product\/11903","targetHints":{"allow":["GET"]}}],"collection":[{"href":"https:\/\/promoalge.com.br\/index.php?rest_route=\/wp\/v2\/product"}],"about":[{"href":"https:\/\/promoalge.com.br\/index.php?rest_route=\/wp\/v2\/types\/product"}],"wp:featuredmedia":[{"embeddable":true,"href":"https:\/\/promoalge.com.br\/index.php?rest_route=\/wp\/v2\/media\/11904"}],"wp:attachment":[{"href":"https:\/\/promoalge.com.br\/index.php?rest_route=%2Fwp%2Fv2%2Fmedia&parent=11903"}],"wp:term":[{"taxonomy":"product_brand","embeddable":true,"href":"https:\/\/promoalge.com.br\/index.php?rest_route=%2Fwp%2Fv2%2Fproduct_brand&post=11903"},{"taxonomy":"product_cat","embeddable":true,"href":"https:\/\/promoalge.com.br\/index.php?rest_route=%2Fwp%2Fv2%2Fproduct_cat&post=11903"},{"taxonomy":"product_tag","embeddable":true,"href":"https:\/\/promoalge.com.br\/index.php?rest_route=%2Fwp%2Fv2%2Fproduct_tag&post=11903"}],"curies":[{"name":"wp","href":"https:\/\/api.w.org\/{rel}","templated":true}]}}