{"id":11907,"date":"2026-01-08T10:59:26","date_gmt":"2026-01-08T13:59:26","guid":{"rendered":"https:\/\/promoalge.com.br\/?post_type=product&#038;p=11907"},"modified":"2026-01-08T10:59:26","modified_gmt":"2026-01-08T13:59:26","slug":"garrafa-termica-650ml-pr-18933","status":"publish","type":"product","link":"https:\/\/promoalge.com.br\/?product=garrafa-termica-650ml-pr-18933","title":{"rendered":"Garrafa T\u00e9rmica 650ml &#8211; PR 18933"},"content":{"rendered":"","protected":false},"excerpt":{"rendered":"<p>Descri\u00e7\u00e3o: Se voc\u00ea busca uma garrafa t\u00e9rmica para acompanhar sua rotina, essa \u00e9 a escolha perfeita! Com 650ml de capacidade e feita em inox 304, ela garante hidrata\u00e7\u00e3o na temperatura certa para o dia a dia. Sua tampa de pl\u00e1stico rosque\u00e1vel traz detalhes em emborrachado e uma al\u00e7a super flex\u00edvel. Al\u00e9m disso, ela proporciona firmeza devido \u00e0 sua base antiderrapante, que evita deslizes. Uma aliada indispens\u00e1vel para manter a bebida sempre na temperatura perfeita.<\/p>\n<p>Altura :  23,9 cm<\/p>\n<p>Largura :  8,6 cm<\/p>\n<p>Circunfer\u00eancia :  25,3 cm<\/p>\n<p>Quantidade m\u00ednima de 50 unidades.<\/p>\n","protected":false},"featured_media":11908,"template":"","meta":[],"product_brand":[],"product_cat":[237],"product_tag":[],"class_list":{"0":"post-11907","1":"product","2":"type-product","3":"status-publish","4":"has-post-thumbnail","6":"product_cat-metalicas","8":"first","9":"instock","10":"shipping-taxable","11":"product-type-simple"},"_links":{"self":[{"href":"https:\/\/promoalge.com.br\/index.php?rest_route=\/wp\/v2\/product\/11907","targetHints":{"allow":["GET"]}}],"collection":[{"href":"https:\/\/promoalge.com.br\/index.php?rest_route=\/wp\/v2\/product"}],"about":[{"href":"https:\/\/promoalge.com.br\/index.php?rest_route=\/wp\/v2\/types\/product"}],"wp:featuredmedia":[{"embeddable":true,"href":"https:\/\/promoalge.com.br\/index.php?rest_route=\/wp\/v2\/media\/11908"}],"wp:attachment":[{"href":"https:\/\/promoalge.com.br\/index.php?rest_route=%2Fwp%2Fv2%2Fmedia&parent=11907"}],"wp:term":[{"taxonomy":"product_brand","embeddable":true,"href":"https:\/\/promoalge.com.br\/index.php?rest_route=%2Fwp%2Fv2%2Fproduct_brand&post=11907"},{"taxonomy":"product_cat","embeddable":true,"href":"https:\/\/promoalge.com.br\/index.php?rest_route=%2Fwp%2Fv2%2Fproduct_cat&post=11907"},{"taxonomy":"product_tag","embeddable":true,"href":"https:\/\/promoalge.com.br\/index.php?rest_route=%2Fwp%2Fv2%2Fproduct_tag&post=11907"}],"curies":[{"name":"wp","href":"https:\/\/api.w.org\/{rel}","templated":true}]}}