{"id":11909,"date":"2026-01-08T11:00:44","date_gmt":"2026-01-08T14:00:44","guid":{"rendered":"https:\/\/promoalge.com.br\/?post_type=product&#038;p=11909"},"modified":"2026-01-08T11:00:45","modified_gmt":"2026-01-08T14:00:45","slug":"squeeze-aluminio-sublimatico-500ml-pr-9139as","status":"publish","type":"product","link":"https:\/\/promoalge.com.br\/?product=squeeze-aluminio-sublimatico-500ml-pr-9139as","title":{"rendered":"Squeeze Alum\u00ednio Sublim\u00e1tico 500ml &#8211; PR 9139AS"},"content":{"rendered":"","protected":false},"excerpt":{"rendered":"<p>Descri\u00e7\u00e3o: Squeeze 500ml de alum\u00ednio com acabamento para sublima\u00e7\u00e3o, tampa rosque\u00e1vel e acompanha um segundo bico com mosquet\u00e3o (n\u00e3o \u00e9 t\u00e9rmico).<\/p>\n<p>Altura :  21,3 cm<\/p>\n<p>Largura :  6,5 cm<\/p>\n<p>Quantidade m\u00ednima de 50 unidades.<\/p>\n","protected":false},"featured_media":11910,"template":"","meta":[],"product_brand":[],"product_cat":[237],"product_tag":[],"class_list":{"0":"post-11909","1":"product","2":"type-product","3":"status-publish","4":"has-post-thumbnail","6":"product_cat-metalicas","8":"first","9":"instock","10":"shipping-taxable","11":"product-type-simple"},"_links":{"self":[{"href":"https:\/\/promoalge.com.br\/index.php?rest_route=\/wp\/v2\/product\/11909","targetHints":{"allow":["GET"]}}],"collection":[{"href":"https:\/\/promoalge.com.br\/index.php?rest_route=\/wp\/v2\/product"}],"about":[{"href":"https:\/\/promoalge.com.br\/index.php?rest_route=\/wp\/v2\/types\/product"}],"wp:featuredmedia":[{"embeddable":true,"href":"https:\/\/promoalge.com.br\/index.php?rest_route=\/wp\/v2\/media\/11910"}],"wp:attachment":[{"href":"https:\/\/promoalge.com.br\/index.php?rest_route=%2Fwp%2Fv2%2Fmedia&parent=11909"}],"wp:term":[{"taxonomy":"product_brand","embeddable":true,"href":"https:\/\/promoalge.com.br\/index.php?rest_route=%2Fwp%2Fv2%2Fproduct_brand&post=11909"},{"taxonomy":"product_cat","embeddable":true,"href":"https:\/\/promoalge.com.br\/index.php?rest_route=%2Fwp%2Fv2%2Fproduct_cat&post=11909"},{"taxonomy":"product_tag","embeddable":true,"href":"https:\/\/promoalge.com.br\/index.php?rest_route=%2Fwp%2Fv2%2Fproduct_tag&post=11909"}],"curies":[{"name":"wp","href":"https:\/\/api.w.org\/{rel}","templated":true}]}}