{"id":11913,"date":"2026-01-08T11:05:50","date_gmt":"2026-01-08T14:05:50","guid":{"rendered":"https:\/\/promoalge.com.br\/?post_type=product&#038;p=11913"},"modified":"2026-01-08T11:05:50","modified_gmt":"2026-01-08T14:05:50","slug":"garrafa-de-vidro-1-litro-pr-05076","status":"publish","type":"product","link":"https:\/\/promoalge.com.br\/?product=garrafa-de-vidro-1-litro-pr-05076","title":{"rendered":"Garrafa de Vidro 1 Litro &#8211; PR 05076"},"content":{"rendered":"","protected":false},"excerpt":{"rendered":"<p>Descri\u00e7\u00e3o: Garrafa em vidro borossilicato com capacidade de 1 litro. Conta com uma tampa rosque\u00e1vel de bambu e protetor anti-impacto remov\u00edvel em silicone.<\/p>\n<p>Altura :  30 cm<\/p>\n<p>Largura :  8 cm<\/p>\n<p>Circunfer\u00eancia :  24,6 cm<\/p>\n<p>Quantidade m\u00ednima de 50 unidades.<\/p>\n","protected":false},"featured_media":11914,"template":"","meta":[],"product_brand":[],"product_cat":[418],"product_tag":[],"class_list":{"0":"post-11913","1":"product","2":"type-product","3":"status-publish","4":"has-post-thumbnail","6":"product_cat-porcelana-e-vidros","8":"first","9":"instock","10":"shipping-taxable","11":"product-type-simple"},"_links":{"self":[{"href":"https:\/\/promoalge.com.br\/index.php?rest_route=\/wp\/v2\/product\/11913","targetHints":{"allow":["GET"]}}],"collection":[{"href":"https:\/\/promoalge.com.br\/index.php?rest_route=\/wp\/v2\/product"}],"about":[{"href":"https:\/\/promoalge.com.br\/index.php?rest_route=\/wp\/v2\/types\/product"}],"wp:featuredmedia":[{"embeddable":true,"href":"https:\/\/promoalge.com.br\/index.php?rest_route=\/wp\/v2\/media\/11914"}],"wp:attachment":[{"href":"https:\/\/promoalge.com.br\/index.php?rest_route=%2Fwp%2Fv2%2Fmedia&parent=11913"}],"wp:term":[{"taxonomy":"product_brand","embeddable":true,"href":"https:\/\/promoalge.com.br\/index.php?rest_route=%2Fwp%2Fv2%2Fproduct_brand&post=11913"},{"taxonomy":"product_cat","embeddable":true,"href":"https:\/\/promoalge.com.br\/index.php?rest_route=%2Fwp%2Fv2%2Fproduct_cat&post=11913"},{"taxonomy":"product_tag","embeddable":true,"href":"https:\/\/promoalge.com.br\/index.php?rest_route=%2Fwp%2Fv2%2Fproduct_tag&post=11913"}],"curies":[{"name":"wp","href":"https:\/\/api.w.org\/{rel}","templated":true}]}}