{"id":11915,"date":"2026-01-08T11:09:22","date_gmt":"2026-01-08T14:09:22","guid":{"rendered":"https:\/\/promoalge.com.br\/?post_type=product&#038;p=11915"},"modified":"2026-01-08T11:09:22","modified_gmt":"2026-01-08T14:09:22","slug":"garrafa-de-vidro-650ml-pr-05078","status":"publish","type":"product","link":"https:\/\/promoalge.com.br\/?product=garrafa-de-vidro-650ml-pr-05078","title":{"rendered":"Garrafa de Vidro 650ml &#8211; PR 05078"},"content":{"rendered":"","protected":false},"excerpt":{"rendered":"<p>Descri\u00e7\u00e3o: Garrafa de vidro borossilicato com capacidade de 650ml, acompanha peneira infusora e capa de neoprene com al\u00e7a para transporte. Tampa de alum\u00ednio com al\u00e7a para transporte.<\/p>\n<p>Altura :  17,1 cm<\/p>\n<p>Largura :  8,6 cm<\/p>\n<p>Circunfer\u00eancia :  26,9 cm<\/p>\n<p>Quantidade m\u00ednima de 50 unidades.<\/p>\n","protected":false},"featured_media":11916,"template":"","meta":[],"product_brand":[],"product_cat":[418],"product_tag":[],"class_list":{"0":"post-11915","1":"product","2":"type-product","3":"status-publish","4":"has-post-thumbnail","6":"product_cat-porcelana-e-vidros","8":"first","9":"instock","10":"shipping-taxable","11":"product-type-simple"},"_links":{"self":[{"href":"https:\/\/promoalge.com.br\/index.php?rest_route=\/wp\/v2\/product\/11915","targetHints":{"allow":["GET"]}}],"collection":[{"href":"https:\/\/promoalge.com.br\/index.php?rest_route=\/wp\/v2\/product"}],"about":[{"href":"https:\/\/promoalge.com.br\/index.php?rest_route=\/wp\/v2\/types\/product"}],"wp:featuredmedia":[{"embeddable":true,"href":"https:\/\/promoalge.com.br\/index.php?rest_route=\/wp\/v2\/media\/11916"}],"wp:attachment":[{"href":"https:\/\/promoalge.com.br\/index.php?rest_route=%2Fwp%2Fv2%2Fmedia&parent=11915"}],"wp:term":[{"taxonomy":"product_brand","embeddable":true,"href":"https:\/\/promoalge.com.br\/index.php?rest_route=%2Fwp%2Fv2%2Fproduct_brand&post=11915"},{"taxonomy":"product_cat","embeddable":true,"href":"https:\/\/promoalge.com.br\/index.php?rest_route=%2Fwp%2Fv2%2Fproduct_cat&post=11915"},{"taxonomy":"product_tag","embeddable":true,"href":"https:\/\/promoalge.com.br\/index.php?rest_route=%2Fwp%2Fv2%2Fproduct_tag&post=11915"}],"curies":[{"name":"wp","href":"https:\/\/api.w.org\/{rel}","templated":true}]}}