{"id":11917,"date":"2026-01-08T11:14:11","date_gmt":"2026-01-08T14:14:11","guid":{"rendered":"https:\/\/promoalge.com.br\/?post_type=product&#038;p=11917"},"modified":"2026-01-08T11:14:11","modified_gmt":"2026-01-08T14:14:11","slug":"squeeze-plastico-550ml-pr-06043","status":"publish","type":"product","link":"https:\/\/promoalge.com.br\/?product=squeeze-plastico-550ml-pr-06043","title":{"rendered":"Squeeze Pl\u00e1stico 550ml &#8211; PR 06043"},"content":{"rendered":"","protected":false},"excerpt":{"rendered":"<p>Descri\u00e7\u00e3o: Squeeze pl\u00e1stico com capacidade de 550ml. Possui tampa rosque\u00e1vel com bico de canudo, tampa protetora e bot\u00e3o de acionamento. Squeeze com acabamento fosco, detalhe emborrachado na parte inferior e al\u00e7a para transporte.<\/p>\n<p>Altura :  18,1 cm<\/p>\n<p>Largura :  12,9 cm<\/p>\n<p>Circunfer\u00eancia :  23 cm<\/p>\n<p>Quantidade m\u00ednima de 50 unidades.<\/p>\n","protected":false},"featured_media":11918,"template":"","meta":[],"product_brand":[],"product_cat":[251],"product_tag":[],"class_list":{"0":"post-11917","1":"product","2":"type-product","3":"status-publish","4":"has-post-thumbnail","6":"product_cat-plastica-canecas-copos-garrafas","8":"first","9":"instock","10":"shipping-taxable","11":"product-type-simple"},"_links":{"self":[{"href":"https:\/\/promoalge.com.br\/index.php?rest_route=\/wp\/v2\/product\/11917","targetHints":{"allow":["GET"]}}],"collection":[{"href":"https:\/\/promoalge.com.br\/index.php?rest_route=\/wp\/v2\/product"}],"about":[{"href":"https:\/\/promoalge.com.br\/index.php?rest_route=\/wp\/v2\/types\/product"}],"wp:featuredmedia":[{"embeddable":true,"href":"https:\/\/promoalge.com.br\/index.php?rest_route=\/wp\/v2\/media\/11918"}],"wp:attachment":[{"href":"https:\/\/promoalge.com.br\/index.php?rest_route=%2Fwp%2Fv2%2Fmedia&parent=11917"}],"wp:term":[{"taxonomy":"product_brand","embeddable":true,"href":"https:\/\/promoalge.com.br\/index.php?rest_route=%2Fwp%2Fv2%2Fproduct_brand&post=11917"},{"taxonomy":"product_cat","embeddable":true,"href":"https:\/\/promoalge.com.br\/index.php?rest_route=%2Fwp%2Fv2%2Fproduct_cat&post=11917"},{"taxonomy":"product_tag","embeddable":true,"href":"https:\/\/promoalge.com.br\/index.php?rest_route=%2Fwp%2Fv2%2Fproduct_tag&post=11917"}],"curies":[{"name":"wp","href":"https:\/\/api.w.org\/{rel}","templated":true}]}}