{"id":11921,"date":"2026-01-08T11:20:21","date_gmt":"2026-01-08T14:20:21","guid":{"rendered":"https:\/\/promoalge.com.br\/?post_type=product&#038;p=11921"},"modified":"2026-01-08T11:20:21","modified_gmt":"2026-01-08T14:20:21","slug":"squeeze-plastico-900ml-pr-08008","status":"publish","type":"product","link":"https:\/\/promoalge.com.br\/?product=squeeze-plastico-900ml-pr-08008","title":{"rendered":"Squeeze Pl\u00e1stico 900ml &#8211; PR 08008"},"content":{"rendered":"","protected":false},"excerpt":{"rendered":"<p>Descri\u00e7\u00e3o: Squeeze pl\u00e1stico com capacidade de 900ml. Possui tampa rosque\u00e1vel com tampa protetora para bocal e al\u00e7a para transporte acoplado.<\/p>\n<p>Altura :  25,7 cm<\/p>\n<p>Largura :  7,7 cm<\/p>\n<p>Circunfer\u00eancia :  24,2 cm<\/p>\n<p>Quantidade m\u00ednima de 50 unidades.<\/p>\n","protected":false},"featured_media":11922,"template":"","meta":[],"product_brand":[],"product_cat":[251],"product_tag":[],"class_list":{"0":"post-11921","1":"product","2":"type-product","3":"status-publish","4":"has-post-thumbnail","6":"product_cat-plastica-canecas-copos-garrafas","8":"first","9":"instock","10":"shipping-taxable","11":"product-type-simple"},"_links":{"self":[{"href":"https:\/\/promoalge.com.br\/index.php?rest_route=\/wp\/v2\/product\/11921","targetHints":{"allow":["GET"]}}],"collection":[{"href":"https:\/\/promoalge.com.br\/index.php?rest_route=\/wp\/v2\/product"}],"about":[{"href":"https:\/\/promoalge.com.br\/index.php?rest_route=\/wp\/v2\/types\/product"}],"wp:featuredmedia":[{"embeddable":true,"href":"https:\/\/promoalge.com.br\/index.php?rest_route=\/wp\/v2\/media\/11922"}],"wp:attachment":[{"href":"https:\/\/promoalge.com.br\/index.php?rest_route=%2Fwp%2Fv2%2Fmedia&parent=11921"}],"wp:term":[{"taxonomy":"product_brand","embeddable":true,"href":"https:\/\/promoalge.com.br\/index.php?rest_route=%2Fwp%2Fv2%2Fproduct_brand&post=11921"},{"taxonomy":"product_cat","embeddable":true,"href":"https:\/\/promoalge.com.br\/index.php?rest_route=%2Fwp%2Fv2%2Fproduct_cat&post=11921"},{"taxonomy":"product_tag","embeddable":true,"href":"https:\/\/promoalge.com.br\/index.php?rest_route=%2Fwp%2Fv2%2Fproduct_tag&post=11921"}],"curies":[{"name":"wp","href":"https:\/\/api.w.org\/{rel}","templated":true}]}}