{"id":11923,"date":"2026-01-08T11:25:05","date_gmt":"2026-01-08T14:25:05","guid":{"rendered":"https:\/\/promoalge.com.br\/?post_type=product&#038;p=11923"},"modified":"2026-01-08T11:25:05","modified_gmt":"2026-01-08T14:25:05","slug":"garrafa-termica-600ml-pr-08039","status":"publish","type":"product","link":"https:\/\/promoalge.com.br\/?product=garrafa-termica-600ml-pr-08039","title":{"rendered":"Garrafa T\u00e9rmica 600ml &#8211; PR 08039"},"content":{"rendered":"","protected":false},"excerpt":{"rendered":"<p>Descri\u00e7\u00e3o: Garrafa t\u00e9rmica em inox, com parede dupla e capacidade de 600ml. A tampa \u00e9 pl\u00e1stica rosque\u00e1vel e possui al\u00e7a acoplada.<\/p>\n<p>Altura :  25,7 cm<\/p>\n<p>Largura :  7 cm<\/p>\n<p>Circunfer\u00eancia :  22,2 cm<\/p>\n<p>Quantidade m\u00ednima de 50 unidades.<\/p>\n","protected":false},"featured_media":11924,"template":"","meta":[],"product_brand":[],"product_cat":[237],"product_tag":[],"class_list":{"0":"post-11923","1":"product","2":"type-product","3":"status-publish","4":"has-post-thumbnail","6":"product_cat-metalicas","8":"first","9":"instock","10":"shipping-taxable","11":"product-type-simple"},"_links":{"self":[{"href":"https:\/\/promoalge.com.br\/index.php?rest_route=\/wp\/v2\/product\/11923","targetHints":{"allow":["GET"]}}],"collection":[{"href":"https:\/\/promoalge.com.br\/index.php?rest_route=\/wp\/v2\/product"}],"about":[{"href":"https:\/\/promoalge.com.br\/index.php?rest_route=\/wp\/v2\/types\/product"}],"wp:featuredmedia":[{"embeddable":true,"href":"https:\/\/promoalge.com.br\/index.php?rest_route=\/wp\/v2\/media\/11924"}],"wp:attachment":[{"href":"https:\/\/promoalge.com.br\/index.php?rest_route=%2Fwp%2Fv2%2Fmedia&parent=11923"}],"wp:term":[{"taxonomy":"product_brand","embeddable":true,"href":"https:\/\/promoalge.com.br\/index.php?rest_route=%2Fwp%2Fv2%2Fproduct_brand&post=11923"},{"taxonomy":"product_cat","embeddable":true,"href":"https:\/\/promoalge.com.br\/index.php?rest_route=%2Fwp%2Fv2%2Fproduct_cat&post=11923"},{"taxonomy":"product_tag","embeddable":true,"href":"https:\/\/promoalge.com.br\/index.php?rest_route=%2Fwp%2Fv2%2Fproduct_tag&post=11923"}],"curies":[{"name":"wp","href":"https:\/\/api.w.org\/{rel}","templated":true}]}}