{"id":11927,"date":"2026-01-08T11:30:32","date_gmt":"2026-01-08T14:30:32","guid":{"rendered":"https:\/\/promoalge.com.br\/?post_type=product&#038;p=11927"},"modified":"2026-01-08T11:30:32","modified_gmt":"2026-01-08T14:30:32","slug":"squeeze-plastico-750ml-pr-09053","status":"publish","type":"product","link":"https:\/\/promoalge.com.br\/?product=squeeze-plastico-750ml-pr-09053","title":{"rendered":"Squeeze Pl\u00e1stico 750ml &#8211; PR 09053"},"content":{"rendered":"","protected":false},"excerpt":{"rendered":"<p>Descri\u00e7\u00e3o: Nossa squeeze combina a leveza e a resist\u00eancia do pl\u00e1stico com a durabilidade e o toque est\u00e9tico de uma base met\u00e1lica. Com tampa rosque\u00e1vel e bico pr\u00e1tico, ela ainda acompanha um canudo para facilitar a hidrata\u00e7\u00e3o em qualquer momento, sem derramamentos. Ideal para acompanhar em todas as atividades, essa garrafa une funcionalidade e design moderno na hora de consumir bebidas.<\/p>\n<p>Altura :  27,7 cm<\/p>\n<p>Largura :  7 cm<\/p>\n<p>Circunfer\u00eancia :  22,1 cm<\/p>\n<p>Quantidade m\u00ednima de 50 unidades.<\/p>\n","protected":false},"featured_media":11928,"template":"","meta":[],"product_brand":[],"product_cat":[251],"product_tag":[],"class_list":{"0":"post-11927","1":"product","2":"type-product","3":"status-publish","4":"has-post-thumbnail","6":"product_cat-plastica-canecas-copos-garrafas","8":"first","9":"instock","10":"shipping-taxable","11":"product-type-simple"},"_links":{"self":[{"href":"https:\/\/promoalge.com.br\/index.php?rest_route=\/wp\/v2\/product\/11927","targetHints":{"allow":["GET"]}}],"collection":[{"href":"https:\/\/promoalge.com.br\/index.php?rest_route=\/wp\/v2\/product"}],"about":[{"href":"https:\/\/promoalge.com.br\/index.php?rest_route=\/wp\/v2\/types\/product"}],"wp:featuredmedia":[{"embeddable":true,"href":"https:\/\/promoalge.com.br\/index.php?rest_route=\/wp\/v2\/media\/11928"}],"wp:attachment":[{"href":"https:\/\/promoalge.com.br\/index.php?rest_route=%2Fwp%2Fv2%2Fmedia&parent=11927"}],"wp:term":[{"taxonomy":"product_brand","embeddable":true,"href":"https:\/\/promoalge.com.br\/index.php?rest_route=%2Fwp%2Fv2%2Fproduct_brand&post=11927"},{"taxonomy":"product_cat","embeddable":true,"href":"https:\/\/promoalge.com.br\/index.php?rest_route=%2Fwp%2Fv2%2Fproduct_cat&post=11927"},{"taxonomy":"product_tag","embeddable":true,"href":"https:\/\/promoalge.com.br\/index.php?rest_route=%2Fwp%2Fv2%2Fproduct_tag&post=11927"}],"curies":[{"name":"wp","href":"https:\/\/api.w.org\/{rel}","templated":true}]}}