{"id":11929,"date":"2026-01-08T11:32:36","date_gmt":"2026-01-08T14:32:36","guid":{"rendered":"https:\/\/promoalge.com.br\/?post_type=product&#038;p=11929"},"modified":"2026-01-08T11:32:36","modified_gmt":"2026-01-08T14:32:36","slug":"squeeze-plastico-600ml-ice-bar-pr-10038","status":"publish","type":"product","link":"https:\/\/promoalge.com.br\/?product=squeeze-plastico-600ml-ice-bar-pr-10038","title":{"rendered":"Squeeze Pl\u00e1stico 600ml Ice bar &#8211; PR 10038"},"content":{"rendered":"","protected":false},"excerpt":{"rendered":"<p>Descri\u00e7\u00e3o: Squeeze pl\u00e1stico 600ml ice bar. Squeeze colorido acinturado com detalhe retangular texturizado nas laterais, possui tampa cinza com detalhe ondulado ao redor e tampa com al\u00e7a para o bico. Parte interna possui uma barra congelante(desencaixe a barra da tampa), encha a barra e coloque no congelador\/freezer para gelar e depois \u00e9 s\u00f3 colocar novamente no squeeze.<\/p>\n<p>Altura :  21,6 cm<\/p>\n<p>Largura :  7,6 cm<\/p>\n<p>Circunfer\u00eancia :  23,4 cm<\/p>\n<p>Quantidade m\u00ednima de 50 unidades.<\/p>\n","protected":false},"featured_media":11930,"template":"","meta":[],"product_brand":[],"product_cat":[251],"product_tag":[],"class_list":{"0":"post-11929","1":"product","2":"type-product","3":"status-publish","4":"has-post-thumbnail","6":"product_cat-plastica-canecas-copos-garrafas","8":"first","9":"instock","10":"shipping-taxable","11":"product-type-simple"},"_links":{"self":[{"href":"https:\/\/promoalge.com.br\/index.php?rest_route=\/wp\/v2\/product\/11929","targetHints":{"allow":["GET"]}}],"collection":[{"href":"https:\/\/promoalge.com.br\/index.php?rest_route=\/wp\/v2\/product"}],"about":[{"href":"https:\/\/promoalge.com.br\/index.php?rest_route=\/wp\/v2\/types\/product"}],"wp:featuredmedia":[{"embeddable":true,"href":"https:\/\/promoalge.com.br\/index.php?rest_route=\/wp\/v2\/media\/11930"}],"wp:attachment":[{"href":"https:\/\/promoalge.com.br\/index.php?rest_route=%2Fwp%2Fv2%2Fmedia&parent=11929"}],"wp:term":[{"taxonomy":"product_brand","embeddable":true,"href":"https:\/\/promoalge.com.br\/index.php?rest_route=%2Fwp%2Fv2%2Fproduct_brand&post=11929"},{"taxonomy":"product_cat","embeddable":true,"href":"https:\/\/promoalge.com.br\/index.php?rest_route=%2Fwp%2Fv2%2Fproduct_cat&post=11929"},{"taxonomy":"product_tag","embeddable":true,"href":"https:\/\/promoalge.com.br\/index.php?rest_route=%2Fwp%2Fv2%2Fproduct_tag&post=11929"}],"curies":[{"name":"wp","href":"https:\/\/api.w.org\/{rel}","templated":true}]}}