{"id":1193,"date":"2018-08-20T15:19:48","date_gmt":"2018-08-20T18:19:48","guid":{"rendered":"http:\/\/promoalge.com.br\/?post_type=product&#038;p=1193"},"modified":"2018-08-20T15:19:50","modified_gmt":"2018-08-20T18:19:50","slug":"chaveiro-ferramentas-pr808","status":"publish","type":"product","link":"https:\/\/promoalge.com.br\/?product=chaveiro-ferramentas-pr808","title":{"rendered":"Chaveiro Ferramentas &#8211; PR808"},"content":{"rendered":"","protected":false},"excerpt":{"rendered":"<p>Chaveiro kit ferramenta 4 pe\u00e7as pl\u00e1stico resistente. Possui relevo na tampa, acompanha 2 chaves phillips e 2 chaves de fendas. Parte central \u00e9 utilizada como encaixe para as ferramentas, medidas 5,4 cm x 5,1 cm. Grava\u00e7\u00e3o serigrafia em 1 cor.<\/p>\n","protected":false},"featured_media":1194,"template":"","meta":[],"product_brand":[],"product_cat":[406,411],"product_tag":[],"class_list":{"0":"post-1193","1":"product","2":"type-product","3":"status-publish","4":"has-post-thumbnail","6":"product_cat-chaveiros","7":"product_cat-ferramentas","9":"first","10":"instock","11":"shipping-taxable","12":"product-type-simple"},"_links":{"self":[{"href":"https:\/\/promoalge.com.br\/index.php?rest_route=\/wp\/v2\/product\/1193","targetHints":{"allow":["GET"]}}],"collection":[{"href":"https:\/\/promoalge.com.br\/index.php?rest_route=\/wp\/v2\/product"}],"about":[{"href":"https:\/\/promoalge.com.br\/index.php?rest_route=\/wp\/v2\/types\/product"}],"wp:featuredmedia":[{"embeddable":true,"href":"https:\/\/promoalge.com.br\/index.php?rest_route=\/wp\/v2\/media\/1194"}],"wp:attachment":[{"href":"https:\/\/promoalge.com.br\/index.php?rest_route=%2Fwp%2Fv2%2Fmedia&parent=1193"}],"wp:term":[{"taxonomy":"product_brand","embeddable":true,"href":"https:\/\/promoalge.com.br\/index.php?rest_route=%2Fwp%2Fv2%2Fproduct_brand&post=1193"},{"taxonomy":"product_cat","embeddable":true,"href":"https:\/\/promoalge.com.br\/index.php?rest_route=%2Fwp%2Fv2%2Fproduct_cat&post=1193"},{"taxonomy":"product_tag","embeddable":true,"href":"https:\/\/promoalge.com.br\/index.php?rest_route=%2Fwp%2Fv2%2Fproduct_tag&post=1193"}],"curies":[{"name":"wp","href":"https:\/\/api.w.org\/{rel}","templated":true}]}}