{"id":11939,"date":"2026-01-13T11:58:41","date_gmt":"2026-01-13T14:58:41","guid":{"rendered":"https:\/\/promoalge.com.br\/?post_type=product&#038;p=11939"},"modified":"2026-01-15T12:56:32","modified_gmt":"2026-01-15T15:56:32","slug":"garrafa-inox-750ml-pr-17010f","status":"publish","type":"product","link":"https:\/\/promoalge.com.br\/?product=garrafa-inox-750ml-pr-17010f","title":{"rendered":"Garrafa Inox 750ml &#8211; PR 17010F"},"content":{"rendered":"","protected":false},"excerpt":{"rendered":"<p>Descri\u00e7\u00e3o: Garrafa 750ml em inox com tampa rosque\u00e1vel e pintura fosca metalizada. Obs.: N\u00e3o \u00e9 um modelo t\u00e9rmico.<\/p>\n<p>Altura :  27,5 cm<\/p>\n<p>Largura :  7,3 cm<\/p>\n<p>Circunfer\u00eancia :  23 cm<\/p>\n<p>Quantidade minima de 50 unidades.<\/p>\n","protected":false},"featured_media":11940,"template":"","meta":[],"product_brand":[],"product_cat":[237],"product_tag":[],"class_list":{"0":"post-11939","1":"product","2":"type-product","3":"status-publish","4":"has-post-thumbnail","6":"product_cat-metalicas","8":"first","9":"instock","10":"shipping-taxable","11":"product-type-simple"},"_links":{"self":[{"href":"https:\/\/promoalge.com.br\/index.php?rest_route=\/wp\/v2\/product\/11939","targetHints":{"allow":["GET"]}}],"collection":[{"href":"https:\/\/promoalge.com.br\/index.php?rest_route=\/wp\/v2\/product"}],"about":[{"href":"https:\/\/promoalge.com.br\/index.php?rest_route=\/wp\/v2\/types\/product"}],"wp:featuredmedia":[{"embeddable":true,"href":"https:\/\/promoalge.com.br\/index.php?rest_route=\/wp\/v2\/media\/11940"}],"wp:attachment":[{"href":"https:\/\/promoalge.com.br\/index.php?rest_route=%2Fwp%2Fv2%2Fmedia&parent=11939"}],"wp:term":[{"taxonomy":"product_brand","embeddable":true,"href":"https:\/\/promoalge.com.br\/index.php?rest_route=%2Fwp%2Fv2%2Fproduct_brand&post=11939"},{"taxonomy":"product_cat","embeddable":true,"href":"https:\/\/promoalge.com.br\/index.php?rest_route=%2Fwp%2Fv2%2Fproduct_cat&post=11939"},{"taxonomy":"product_tag","embeddable":true,"href":"https:\/\/promoalge.com.br\/index.php?rest_route=%2Fwp%2Fv2%2Fproduct_tag&post=11939"}],"curies":[{"name":"wp","href":"https:\/\/api.w.org\/{rel}","templated":true}]}}