{"id":11945,"date":"2026-01-13T12:37:28","date_gmt":"2026-01-13T15:37:28","guid":{"rendered":"https:\/\/promoalge.com.br\/?post_type=product&#038;p=11945"},"modified":"2026-01-13T12:37:28","modified_gmt":"2026-01-13T15:37:28","slug":"squeeze-inox-600ml-pr-18558","status":"publish","type":"product","link":"https:\/\/promoalge.com.br\/?product=squeeze-inox-600ml-pr-18558","title":{"rendered":"Squeeze Inox 600ml &#8211; PR 18558"},"content":{"rendered":"","protected":false},"excerpt":{"rendered":"<p>Descri\u00e7\u00e3o: Squeeze em a\u00e7o inox 600ml com tampa rosque\u00e1vel pl\u00e1stica e bico transparente de acionamento manual. Acompanha al\u00e7a de nylon para transporte.<\/p>\n<p>Altura :  22 cm<\/p>\n<p>Largura :  7,2 cm<\/p>\n<p>Circunfer\u00eancia :  20,9 cm<\/p>\n<p>Quantidade minima de 50 unidades.<\/p>\n","protected":false},"featured_media":11946,"template":"","meta":[],"product_brand":[],"product_cat":[237],"product_tag":[],"class_list":{"0":"post-11945","1":"product","2":"type-product","3":"status-publish","4":"has-post-thumbnail","6":"product_cat-metalicas","8":"first","9":"instock","10":"shipping-taxable","11":"product-type-simple"},"_links":{"self":[{"href":"https:\/\/promoalge.com.br\/index.php?rest_route=\/wp\/v2\/product\/11945","targetHints":{"allow":["GET"]}}],"collection":[{"href":"https:\/\/promoalge.com.br\/index.php?rest_route=\/wp\/v2\/product"}],"about":[{"href":"https:\/\/promoalge.com.br\/index.php?rest_route=\/wp\/v2\/types\/product"}],"wp:featuredmedia":[{"embeddable":true,"href":"https:\/\/promoalge.com.br\/index.php?rest_route=\/wp\/v2\/media\/11946"}],"wp:attachment":[{"href":"https:\/\/promoalge.com.br\/index.php?rest_route=%2Fwp%2Fv2%2Fmedia&parent=11945"}],"wp:term":[{"taxonomy":"product_brand","embeddable":true,"href":"https:\/\/promoalge.com.br\/index.php?rest_route=%2Fwp%2Fv2%2Fproduct_brand&post=11945"},{"taxonomy":"product_cat","embeddable":true,"href":"https:\/\/promoalge.com.br\/index.php?rest_route=%2Fwp%2Fv2%2Fproduct_cat&post=11945"},{"taxonomy":"product_tag","embeddable":true,"href":"https:\/\/promoalge.com.br\/index.php?rest_route=%2Fwp%2Fv2%2Fproduct_tag&post=11945"}],"curies":[{"name":"wp","href":"https:\/\/api.w.org\/{rel}","templated":true}]}}