{"id":11955,"date":"2026-01-13T13:18:33","date_gmt":"2026-01-13T16:18:33","guid":{"rendered":"https:\/\/promoalge.com.br\/?post_type=product&#038;p=11955"},"modified":"2026-01-13T13:18:33","modified_gmt":"2026-01-13T16:18:33","slug":"squeeze-plastico-730ml-pr-18737","status":"publish","type":"product","link":"https:\/\/promoalge.com.br\/?product=squeeze-plastico-730ml-pr-18737","title":{"rendered":"Squeeze Pl\u00e1stico 730ml &#8211; PR 18737"},"content":{"rendered":"","protected":false},"excerpt":{"rendered":"<p>Descri\u00e7\u00e3o: Squeeze pl\u00e1stico com capacidade de 730ml. Possui revestimento emborrachado que facilita a pegada, al\u00e9m de tampa principal rosque\u00e1vel com al\u00e7a e tampa adicional com trava de seguran\u00e7a.<\/p>\n<p>Altura :  24,5 cm<\/p>\n<p>Largura :  9,2 cm<\/p>\n<p>Circunfer\u00eancia :  23,3 cm<\/p>\n<p>Quantidade minima de 50 unidades.<\/p>\n","protected":false},"featured_media":11956,"template":"","meta":[],"product_brand":[],"product_cat":[251],"product_tag":[],"class_list":{"0":"post-11955","1":"product","2":"type-product","3":"status-publish","4":"has-post-thumbnail","6":"product_cat-plastica-canecas-copos-garrafas","8":"first","9":"instock","10":"shipping-taxable","11":"product-type-simple"},"_links":{"self":[{"href":"https:\/\/promoalge.com.br\/index.php?rest_route=\/wp\/v2\/product\/11955","targetHints":{"allow":["GET"]}}],"collection":[{"href":"https:\/\/promoalge.com.br\/index.php?rest_route=\/wp\/v2\/product"}],"about":[{"href":"https:\/\/promoalge.com.br\/index.php?rest_route=\/wp\/v2\/types\/product"}],"wp:featuredmedia":[{"embeddable":true,"href":"https:\/\/promoalge.com.br\/index.php?rest_route=\/wp\/v2\/media\/11956"}],"wp:attachment":[{"href":"https:\/\/promoalge.com.br\/index.php?rest_route=%2Fwp%2Fv2%2Fmedia&parent=11955"}],"wp:term":[{"taxonomy":"product_brand","embeddable":true,"href":"https:\/\/promoalge.com.br\/index.php?rest_route=%2Fwp%2Fv2%2Fproduct_brand&post=11955"},{"taxonomy":"product_cat","embeddable":true,"href":"https:\/\/promoalge.com.br\/index.php?rest_route=%2Fwp%2Fv2%2Fproduct_cat&post=11955"},{"taxonomy":"product_tag","embeddable":true,"href":"https:\/\/promoalge.com.br\/index.php?rest_route=%2Fwp%2Fv2%2Fproduct_tag&post=11955"}],"curies":[{"name":"wp","href":"https:\/\/api.w.org\/{rel}","templated":true}]}}