{"id":11957,"date":"2026-01-13T13:23:02","date_gmt":"2026-01-13T16:23:02","guid":{"rendered":"https:\/\/promoalge.com.br\/?post_type=product&#038;p=11957"},"modified":"2026-01-13T13:23:02","modified_gmt":"2026-01-13T16:23:02","slug":"squeeze-aluminio-800ml-pr-18757","status":"publish","type":"product","link":"https:\/\/promoalge.com.br\/?product=squeeze-aluminio-800ml-pr-18757","title":{"rendered":"Squeeze Alum\u00ednio 800ml &#8211; PR 18757"},"content":{"rendered":"","protected":false},"excerpt":{"rendered":"<p>Descri\u00e7\u00e3o: Squeeze de alum\u00ednio com capacidade para 800ml. Tampa pl\u00e1stica com bico flip e al\u00e7a para transporte embutida.<\/p>\n<p>Altura :  24,5 cm<\/p>\n<p>Largura :  9,8 cm<\/p>\n<p>Circunfer\u00eancia :  23 cm<\/p>\n<p>Quantidade minima de 50 unidades.<\/p>\n","protected":false},"featured_media":11958,"template":"","meta":[],"product_brand":[],"product_cat":[237],"product_tag":[],"class_list":{"0":"post-11957","1":"product","2":"type-product","3":"status-publish","4":"has-post-thumbnail","6":"product_cat-metalicas","8":"first","9":"instock","10":"shipping-taxable","11":"product-type-simple"},"_links":{"self":[{"href":"https:\/\/promoalge.com.br\/index.php?rest_route=\/wp\/v2\/product\/11957","targetHints":{"allow":["GET"]}}],"collection":[{"href":"https:\/\/promoalge.com.br\/index.php?rest_route=\/wp\/v2\/product"}],"about":[{"href":"https:\/\/promoalge.com.br\/index.php?rest_route=\/wp\/v2\/types\/product"}],"wp:featuredmedia":[{"embeddable":true,"href":"https:\/\/promoalge.com.br\/index.php?rest_route=\/wp\/v2\/media\/11958"}],"wp:attachment":[{"href":"https:\/\/promoalge.com.br\/index.php?rest_route=%2Fwp%2Fv2%2Fmedia&parent=11957"}],"wp:term":[{"taxonomy":"product_brand","embeddable":true,"href":"https:\/\/promoalge.com.br\/index.php?rest_route=%2Fwp%2Fv2%2Fproduct_brand&post=11957"},{"taxonomy":"product_cat","embeddable":true,"href":"https:\/\/promoalge.com.br\/index.php?rest_route=%2Fwp%2Fv2%2Fproduct_cat&post=11957"},{"taxonomy":"product_tag","embeddable":true,"href":"https:\/\/promoalge.com.br\/index.php?rest_route=%2Fwp%2Fv2%2Fproduct_tag&post=11957"}],"curies":[{"name":"wp","href":"https:\/\/api.w.org\/{rel}","templated":true}]}}