{"id":11961,"date":"2026-01-13T15:01:49","date_gmt":"2026-01-13T18:01:49","guid":{"rendered":"https:\/\/promoalge.com.br\/?post_type=product&#038;p=11961"},"modified":"2026-01-13T15:01:49","modified_gmt":"2026-01-13T18:01:49","slug":"garrafa-termica-1-litro-pr-18913","status":"publish","type":"product","link":"https:\/\/promoalge.com.br\/?product=garrafa-termica-1-litro-pr-18913","title":{"rendered":"Garrafa T\u00e9rmica 1 Litro &#8211; PR 18913"},"content":{"rendered":"","protected":false},"excerpt":{"rendered":"<p>Descri\u00e7\u00e3o: Design retr\u00f4 e conserva\u00e7\u00e3o t\u00e9rmica excepcional s\u00e3o as caracter\u00edsticas da nossa Garrafa T\u00e9rmica de 1 litro. Feita em pl\u00e1stico com ampola de vidro e al\u00e7a de madeira, ela possui uma alavanca que permite a libera\u00e7\u00e3o gradual da bebida, reduzindo respingos. Pr\u00e1tica, a garrafa possui uma rosca na parte inferior que facilita o acesso \u00e0 ampola de vidro.<\/p>\n<p>Altura :  24,8 cm<\/p>\n<p>Largura :  16,7 cm<\/p>\n<p>Circunfer\u00eancia :  42,5 cm<\/p>\n<p>Quantidade minima de 50 unidades.<\/p>\n","protected":false},"featured_media":11962,"template":"","meta":[],"product_brand":[],"product_cat":[18],"product_tag":[],"class_list":{"0":"post-11961","1":"product","2":"type-product","3":"status-publish","4":"has-post-thumbnail","6":"product_cat-canetas-plastica","8":"first","9":"instock","10":"shipping-taxable","11":"product-type-simple"},"_links":{"self":[{"href":"https:\/\/promoalge.com.br\/index.php?rest_route=\/wp\/v2\/product\/11961","targetHints":{"allow":["GET"]}}],"collection":[{"href":"https:\/\/promoalge.com.br\/index.php?rest_route=\/wp\/v2\/product"}],"about":[{"href":"https:\/\/promoalge.com.br\/index.php?rest_route=\/wp\/v2\/types\/product"}],"wp:featuredmedia":[{"embeddable":true,"href":"https:\/\/promoalge.com.br\/index.php?rest_route=\/wp\/v2\/media\/11962"}],"wp:attachment":[{"href":"https:\/\/promoalge.com.br\/index.php?rest_route=%2Fwp%2Fv2%2Fmedia&parent=11961"}],"wp:term":[{"taxonomy":"product_brand","embeddable":true,"href":"https:\/\/promoalge.com.br\/index.php?rest_route=%2Fwp%2Fv2%2Fproduct_brand&post=11961"},{"taxonomy":"product_cat","embeddable":true,"href":"https:\/\/promoalge.com.br\/index.php?rest_route=%2Fwp%2Fv2%2Fproduct_cat&post=11961"},{"taxonomy":"product_tag","embeddable":true,"href":"https:\/\/promoalge.com.br\/index.php?rest_route=%2Fwp%2Fv2%2Fproduct_tag&post=11961"}],"curies":[{"name":"wp","href":"https:\/\/api.w.org\/{rel}","templated":true}]}}