{"id":11966,"date":"2026-01-13T16:19:44","date_gmt":"2026-01-13T19:19:44","guid":{"rendered":"https:\/\/promoalge.com.br\/?post_type=product&#038;p=11966"},"modified":"2026-01-13T16:19:44","modified_gmt":"2026-01-13T19:19:44","slug":"garrafa-termica-inox-350ml-pr-01115","status":"publish","type":"product","link":"https:\/\/promoalge.com.br\/?product=garrafa-termica-inox-350ml-pr-01115","title":{"rendered":"Garrafa T\u00e9rmica Inox 350ml &#8211; PR 01115"},"content":{"rendered":"","protected":false},"excerpt":{"rendered":"<p>Descri\u00e7\u00e3o: Garrafa t\u00e9rmica 350ml em inox com tampa rosque\u00e1vel, tampa interna em pl\u00e1stico resistente(basta um clique para abrir ou fechar). Acompanha capa protetora de couro sint\u00e9tico com al\u00e7a de nylon.<\/p>\n<p>Altura :  19,7 cm<\/p>\n<p>Largura :  6,8 cm<\/p>\n<p>Quantidade minima de 50 unidades.<\/p>\n","protected":false},"featured_media":11967,"template":"","meta":[],"product_brand":[],"product_cat":[237],"product_tag":[],"class_list":{"0":"post-11966","1":"product","2":"type-product","3":"status-publish","4":"has-post-thumbnail","6":"product_cat-metalicas","8":"first","9":"instock","10":"shipping-taxable","11":"product-type-simple"},"_links":{"self":[{"href":"https:\/\/promoalge.com.br\/index.php?rest_route=\/wp\/v2\/product\/11966","targetHints":{"allow":["GET"]}}],"collection":[{"href":"https:\/\/promoalge.com.br\/index.php?rest_route=\/wp\/v2\/product"}],"about":[{"href":"https:\/\/promoalge.com.br\/index.php?rest_route=\/wp\/v2\/types\/product"}],"wp:featuredmedia":[{"embeddable":true,"href":"https:\/\/promoalge.com.br\/index.php?rest_route=\/wp\/v2\/media\/11967"}],"wp:attachment":[{"href":"https:\/\/promoalge.com.br\/index.php?rest_route=%2Fwp%2Fv2%2Fmedia&parent=11966"}],"wp:term":[{"taxonomy":"product_brand","embeddable":true,"href":"https:\/\/promoalge.com.br\/index.php?rest_route=%2Fwp%2Fv2%2Fproduct_brand&post=11966"},{"taxonomy":"product_cat","embeddable":true,"href":"https:\/\/promoalge.com.br\/index.php?rest_route=%2Fwp%2Fv2%2Fproduct_cat&post=11966"},{"taxonomy":"product_tag","embeddable":true,"href":"https:\/\/promoalge.com.br\/index.php?rest_route=%2Fwp%2Fv2%2Fproduct_tag&post=11966"}],"curies":[{"name":"wp","href":"https:\/\/api.w.org\/{rel}","templated":true}]}}