{"id":11970,"date":"2026-01-13T16:26:15","date_gmt":"2026-01-13T19:26:15","guid":{"rendered":"https:\/\/promoalge.com.br\/?post_type=product&#038;p=11970"},"modified":"2026-01-13T16:26:15","modified_gmt":"2026-01-13T19:26:15","slug":"garrafa-termica-14-litros-pr-01593","status":"publish","type":"product","link":"https:\/\/promoalge.com.br\/?product=garrafa-termica-14-litros-pr-01593","title":{"rendered":"Garrafa T\u00e9rmica 1,4 Litros &#8211; PR 01593"},"content":{"rendered":"","protected":false},"excerpt":{"rendered":"<p>Descri\u00e7\u00e3o: Garrafa t\u00e9rmica com capacidade de 1,4 litros, fabricada em a\u00e7o inoxid\u00e1vel, possui parede dupla e tampa com alavanca de acionamento. Com tampa, al\u00e7a e base pl\u00e1sticas, a garrafa possui um design com ondula\u00e7\u00f5es em relevo e acabamento brilhante.<\/p>\n<p>Altura :  28 cm<\/p>\n<p>Largura :  14,3 cm<\/p>\n<p>Circunfer\u00eancia :  33 cm<\/p>\n<p>Quantidade minima de 50 unidades.<\/p>\n","protected":false},"featured_media":11971,"template":"","meta":[],"product_brand":[],"product_cat":[237],"product_tag":[],"class_list":{"0":"post-11970","1":"product","2":"type-product","3":"status-publish","4":"has-post-thumbnail","6":"product_cat-metalicas","8":"first","9":"instock","10":"shipping-taxable","11":"product-type-simple"},"_links":{"self":[{"href":"https:\/\/promoalge.com.br\/index.php?rest_route=\/wp\/v2\/product\/11970","targetHints":{"allow":["GET"]}}],"collection":[{"href":"https:\/\/promoalge.com.br\/index.php?rest_route=\/wp\/v2\/product"}],"about":[{"href":"https:\/\/promoalge.com.br\/index.php?rest_route=\/wp\/v2\/types\/product"}],"wp:featuredmedia":[{"embeddable":true,"href":"https:\/\/promoalge.com.br\/index.php?rest_route=\/wp\/v2\/media\/11971"}],"wp:attachment":[{"href":"https:\/\/promoalge.com.br\/index.php?rest_route=%2Fwp%2Fv2%2Fmedia&parent=11970"}],"wp:term":[{"taxonomy":"product_brand","embeddable":true,"href":"https:\/\/promoalge.com.br\/index.php?rest_route=%2Fwp%2Fv2%2Fproduct_brand&post=11970"},{"taxonomy":"product_cat","embeddable":true,"href":"https:\/\/promoalge.com.br\/index.php?rest_route=%2Fwp%2Fv2%2Fproduct_cat&post=11970"},{"taxonomy":"product_tag","embeddable":true,"href":"https:\/\/promoalge.com.br\/index.php?rest_route=%2Fwp%2Fv2%2Fproduct_tag&post=11970"}],"curies":[{"name":"wp","href":"https:\/\/api.w.org\/{rel}","templated":true}]}}