{"id":11972,"date":"2026-01-13T16:28:37","date_gmt":"2026-01-13T19:28:37","guid":{"rendered":"https:\/\/promoalge.com.br\/?post_type=product&#038;p=11972"},"modified":"2026-01-13T16:28:37","modified_gmt":"2026-01-13T19:28:37","slug":"garrafa-termica-inox-400ml-pr-02111","status":"publish","type":"product","link":"https:\/\/promoalge.com.br\/?product=garrafa-termica-inox-400ml-pr-02111","title":{"rendered":"Garrafa T\u00e9rmica Inox 400ml &#8211; PR 02111"},"content":{"rendered":"","protected":false},"excerpt":{"rendered":"<p>Descri\u00e7\u00e3o: Garrafa t\u00e9rmica feita em inox com parede dupla, capacidade de 400ml. Tampa com trava de seguran\u00e7a e bot\u00e3o de acionamento. OBS.: CONSULTE A VARIA\u00c7\u00c3O DE CORES ATRAV\u00c9S DA PALETA DE CORES!<\/p>\n<p>Altura :  22,7 cm<\/p>\n<p>Largura :  7,5 cm<\/p>\n<p>Circunfer\u00eancia :  20,5 cm<\/p>\n<p>Quantidade minima de 50 unidades.<\/p>\n","protected":false},"featured_media":11973,"template":"","meta":[],"product_brand":[],"product_cat":[237],"product_tag":[],"class_list":{"0":"post-11972","1":"product","2":"type-product","3":"status-publish","4":"has-post-thumbnail","6":"product_cat-metalicas","8":"first","9":"instock","10":"shipping-taxable","11":"product-type-simple"},"_links":{"self":[{"href":"https:\/\/promoalge.com.br\/index.php?rest_route=\/wp\/v2\/product\/11972","targetHints":{"allow":["GET"]}}],"collection":[{"href":"https:\/\/promoalge.com.br\/index.php?rest_route=\/wp\/v2\/product"}],"about":[{"href":"https:\/\/promoalge.com.br\/index.php?rest_route=\/wp\/v2\/types\/product"}],"wp:featuredmedia":[{"embeddable":true,"href":"https:\/\/promoalge.com.br\/index.php?rest_route=\/wp\/v2\/media\/11973"}],"wp:attachment":[{"href":"https:\/\/promoalge.com.br\/index.php?rest_route=%2Fwp%2Fv2%2Fmedia&parent=11972"}],"wp:term":[{"taxonomy":"product_brand","embeddable":true,"href":"https:\/\/promoalge.com.br\/index.php?rest_route=%2Fwp%2Fv2%2Fproduct_brand&post=11972"},{"taxonomy":"product_cat","embeddable":true,"href":"https:\/\/promoalge.com.br\/index.php?rest_route=%2Fwp%2Fv2%2Fproduct_cat&post=11972"},{"taxonomy":"product_tag","embeddable":true,"href":"https:\/\/promoalge.com.br\/index.php?rest_route=%2Fwp%2Fv2%2Fproduct_tag&post=11972"}],"curies":[{"name":"wp","href":"https:\/\/api.w.org\/{rel}","templated":true}]}}