{"id":11974,"date":"2026-01-13T16:30:29","date_gmt":"2026-01-13T19:30:29","guid":{"rendered":"https:\/\/promoalge.com.br\/?post_type=product&#038;p=11974"},"modified":"2026-01-13T16:30:29","modified_gmt":"2026-01-13T19:30:29","slug":"copo-de-transicao-infantil-350ml-pr-02121","status":"publish","type":"product","link":"https:\/\/promoalge.com.br\/?product=copo-de-transicao-infantil-350ml-pr-02121","title":{"rendered":"Copo de Transi\u00e7\u00e3o Infantil 350ml &#8211; PR 02121"},"content":{"rendered":"","protected":false},"excerpt":{"rendered":"<p>Descri\u00e7\u00e3o: Copo de transi\u00e7\u00e3o infantil feito em pl\u00e1stico com capacidade de 350ml. Com pegador duplo, tampa de prote\u00e7\u00e3o e canudo de silicone, o copo possui um sistema de v\u00e1lvula antivazamento e antisufocamento.<\/p>\n<p>Altura :  14,1 cm<\/p>\n<p>Largura :  12,7 cm<\/p>\n<p>Circunfer\u00eancia :  24,5 cm<\/p>\n<p>Quantidade minima de 50 unidades.<\/p>\n","protected":false},"featured_media":11975,"template":"","meta":[],"product_brand":[],"product_cat":[251],"product_tag":[],"class_list":{"0":"post-11974","1":"product","2":"type-product","3":"status-publish","4":"has-post-thumbnail","6":"product_cat-plastica-canecas-copos-garrafas","8":"first","9":"instock","10":"shipping-taxable","11":"product-type-simple"},"_links":{"self":[{"href":"https:\/\/promoalge.com.br\/index.php?rest_route=\/wp\/v2\/product\/11974","targetHints":{"allow":["GET"]}}],"collection":[{"href":"https:\/\/promoalge.com.br\/index.php?rest_route=\/wp\/v2\/product"}],"about":[{"href":"https:\/\/promoalge.com.br\/index.php?rest_route=\/wp\/v2\/types\/product"}],"wp:featuredmedia":[{"embeddable":true,"href":"https:\/\/promoalge.com.br\/index.php?rest_route=\/wp\/v2\/media\/11975"}],"wp:attachment":[{"href":"https:\/\/promoalge.com.br\/index.php?rest_route=%2Fwp%2Fv2%2Fmedia&parent=11974"}],"wp:term":[{"taxonomy":"product_brand","embeddable":true,"href":"https:\/\/promoalge.com.br\/index.php?rest_route=%2Fwp%2Fv2%2Fproduct_brand&post=11974"},{"taxonomy":"product_cat","embeddable":true,"href":"https:\/\/promoalge.com.br\/index.php?rest_route=%2Fwp%2Fv2%2Fproduct_cat&post=11974"},{"taxonomy":"product_tag","embeddable":true,"href":"https:\/\/promoalge.com.br\/index.php?rest_route=%2Fwp%2Fv2%2Fproduct_tag&post=11974"}],"curies":[{"name":"wp","href":"https:\/\/api.w.org\/{rel}","templated":true}]}}