{"id":12002,"date":"2026-01-15T13:17:46","date_gmt":"2026-01-15T16:17:46","guid":{"rendered":"https:\/\/promoalge.com.br\/?post_type=product&#038;p=12002"},"modified":"2026-01-15T13:17:46","modified_gmt":"2026-01-15T16:17:46","slug":"necessaire-pvc-impermeavel-com-plaquinha-pr-01228p","status":"publish","type":"product","link":"https:\/\/promoalge.com.br\/?product=necessaire-pvc-impermeavel-com-plaquinha-pr-01228p","title":{"rendered":"N\u00e9cessaire PVC Imperme\u00e1vel com Plaquinha &#8211; PR 01228P"},"content":{"rendered":"","protected":false},"excerpt":{"rendered":"<p>Descri\u00e7\u00e3o: N\u00e9cessaire de pvc resistente \u00e0 \u00e1gua com plaquinha met\u00e1lica fixa.<\/p>\n<p>Altura :  11,5 cm<\/p>\n<p>Largura :  20 cm<\/p>\n<p>Profundidade :  9 cm<\/p>\n<p>Quantidade minima de 50 unidades.<\/p>\n","protected":false},"featured_media":12003,"template":"","meta":[],"product_brand":[],"product_cat":[416],"product_tag":[],"class_list":{"0":"post-12002","1":"product","2":"type-product","3":"status-publish","4":"has-post-thumbnail","6":"product_cat-necessaire","8":"first","9":"instock","10":"shipping-taxable","11":"product-type-simple"},"_links":{"self":[{"href":"https:\/\/promoalge.com.br\/index.php?rest_route=\/wp\/v2\/product\/12002","targetHints":{"allow":["GET"]}}],"collection":[{"href":"https:\/\/promoalge.com.br\/index.php?rest_route=\/wp\/v2\/product"}],"about":[{"href":"https:\/\/promoalge.com.br\/index.php?rest_route=\/wp\/v2\/types\/product"}],"wp:featuredmedia":[{"embeddable":true,"href":"https:\/\/promoalge.com.br\/index.php?rest_route=\/wp\/v2\/media\/12003"}],"wp:attachment":[{"href":"https:\/\/promoalge.com.br\/index.php?rest_route=%2Fwp%2Fv2%2Fmedia&parent=12002"}],"wp:term":[{"taxonomy":"product_brand","embeddable":true,"href":"https:\/\/promoalge.com.br\/index.php?rest_route=%2Fwp%2Fv2%2Fproduct_brand&post=12002"},{"taxonomy":"product_cat","embeddable":true,"href":"https:\/\/promoalge.com.br\/index.php?rest_route=%2Fwp%2Fv2%2Fproduct_cat&post=12002"},{"taxonomy":"product_tag","embeddable":true,"href":"https:\/\/promoalge.com.br\/index.php?rest_route=%2Fwp%2Fv2%2Fproduct_tag&post=12002"}],"curies":[{"name":"wp","href":"https:\/\/api.w.org\/{rel}","templated":true}]}}