{"id":12008,"date":"2026-01-15T13:48:32","date_gmt":"2026-01-15T16:48:32","guid":{"rendered":"https:\/\/promoalge.com.br\/?post_type=product&#038;p=12008"},"modified":"2026-01-15T13:48:32","modified_gmt":"2026-01-15T16:48:32","slug":"plaquinha-metalica-pr-03012","status":"publish","type":"product","link":"https:\/\/promoalge.com.br\/?product=plaquinha-metalica-pr-03012","title":{"rendered":"Plaquinha Met\u00e1lica &#8211; PR 03012"},"content":{"rendered":"","protected":false},"excerpt":{"rendered":"<p>Descri\u00e7\u00e3o: Plaquinha met\u00e1lica para personaliza\u00e7\u00e3o. Possui acabamento fosco, hastes sem ponta na parte traseira, para fixa\u00e7\u00e3o fure o tecido, encaixe e dobre as hastes.<\/p>\n<p>Altura :  2 cm<\/p>\n<p>Largura :  4,2cm<\/p>\n<p>Quantidade minima de 50 unidades.<\/p>\n","protected":false},"featured_media":12015,"template":"","meta":[],"product_brand":[],"product_cat":[416],"product_tag":[],"class_list":{"0":"post-12008","1":"product","2":"type-product","3":"status-publish","4":"has-post-thumbnail","6":"product_cat-necessaire","8":"first","9":"instock","10":"shipping-taxable","11":"product-type-simple"},"_links":{"self":[{"href":"https:\/\/promoalge.com.br\/index.php?rest_route=\/wp\/v2\/product\/12008","targetHints":{"allow":["GET"]}}],"collection":[{"href":"https:\/\/promoalge.com.br\/index.php?rest_route=\/wp\/v2\/product"}],"about":[{"href":"https:\/\/promoalge.com.br\/index.php?rest_route=\/wp\/v2\/types\/product"}],"wp:featuredmedia":[{"embeddable":true,"href":"https:\/\/promoalge.com.br\/index.php?rest_route=\/wp\/v2\/media\/12015"}],"wp:attachment":[{"href":"https:\/\/promoalge.com.br\/index.php?rest_route=%2Fwp%2Fv2%2Fmedia&parent=12008"}],"wp:term":[{"taxonomy":"product_brand","embeddable":true,"href":"https:\/\/promoalge.com.br\/index.php?rest_route=%2Fwp%2Fv2%2Fproduct_brand&post=12008"},{"taxonomy":"product_cat","embeddable":true,"href":"https:\/\/promoalge.com.br\/index.php?rest_route=%2Fwp%2Fv2%2Fproduct_cat&post=12008"},{"taxonomy":"product_tag","embeddable":true,"href":"https:\/\/promoalge.com.br\/index.php?rest_route=%2Fwp%2Fv2%2Fproduct_tag&post=12008"}],"curies":[{"name":"wp","href":"https:\/\/api.w.org\/{rel}","templated":true}]}}