{"id":12026,"date":"2026-01-15T14:13:24","date_gmt":"2026-01-15T17:13:24","guid":{"rendered":"https:\/\/promoalge.com.br\/?post_type=product&#038;p=12026"},"modified":"2026-01-15T14:13:24","modified_gmt":"2026-01-15T17:13:24","slug":"necessaire-de-couro-sintetico-pr-02405","status":"publish","type":"product","link":"https:\/\/promoalge.com.br\/?product=necessaire-de-couro-sintetico-pr-02405","title":{"rendered":"N\u00e9cessaire de Couro Sint\u00e9tico &#8211; PR 02405"},"content":{"rendered":"","protected":false},"excerpt":{"rendered":"<p>Descri\u00e7\u00e3o: N\u00e9cessaire com z\u00edper e couro sint\u00e9tico. Possui abertura larga, 3 bolsos, 3 compartimentos para organiza\u00e7\u00e3o dos itens, al\u00e7a superior e \u00e1rea de personaliza\u00e7\u00e3o em couro sint\u00e9tico.<\/p>\n<p>Altura :  10 cm<\/p>\n<p>Largura :  21 cm<\/p>\n<p>Profundidade :  6 cm<\/p>\n<p>Quantidade minima de 50 unidades.<\/p>\n","protected":false},"featured_media":12027,"template":"","meta":[],"product_brand":[],"product_cat":[416],"product_tag":[],"class_list":{"0":"post-12026","1":"product","2":"type-product","3":"status-publish","4":"has-post-thumbnail","6":"product_cat-necessaire","8":"first","9":"instock","10":"shipping-taxable","11":"product-type-simple"},"_links":{"self":[{"href":"https:\/\/promoalge.com.br\/index.php?rest_route=\/wp\/v2\/product\/12026","targetHints":{"allow":["GET"]}}],"collection":[{"href":"https:\/\/promoalge.com.br\/index.php?rest_route=\/wp\/v2\/product"}],"about":[{"href":"https:\/\/promoalge.com.br\/index.php?rest_route=\/wp\/v2\/types\/product"}],"wp:featuredmedia":[{"embeddable":true,"href":"https:\/\/promoalge.com.br\/index.php?rest_route=\/wp\/v2\/media\/12027"}],"wp:attachment":[{"href":"https:\/\/promoalge.com.br\/index.php?rest_route=%2Fwp%2Fv2%2Fmedia&parent=12026"}],"wp:term":[{"taxonomy":"product_brand","embeddable":true,"href":"https:\/\/promoalge.com.br\/index.php?rest_route=%2Fwp%2Fv2%2Fproduct_brand&post=12026"},{"taxonomy":"product_cat","embeddable":true,"href":"https:\/\/promoalge.com.br\/index.php?rest_route=%2Fwp%2Fv2%2Fproduct_cat&post=12026"},{"taxonomy":"product_tag","embeddable":true,"href":"https:\/\/promoalge.com.br\/index.php?rest_route=%2Fwp%2Fv2%2Fproduct_tag&post=12026"}],"curies":[{"name":"wp","href":"https:\/\/api.w.org\/{rel}","templated":true}]}}