{"id":12031,"date":"2026-01-15T14:30:47","date_gmt":"2026-01-15T17:30:47","guid":{"rendered":"https:\/\/promoalge.com.br\/?post_type=product&#038;p=12031"},"modified":"2026-01-15T14:30:47","modified_gmt":"2026-01-15T17:30:47","slug":"necessaire-de-malha-de-nylon-pr-08040","status":"publish","type":"product","link":"https:\/\/promoalge.com.br\/?product=necessaire-de-malha-de-nylon-pr-08040","title":{"rendered":"N\u00e9cessaire de Malha de Nylon &#8211; PR 08040"},"content":{"rendered":"","protected":false},"excerpt":{"rendered":"<p>Descri\u00e7\u00e3o: N\u00e9cessaire confeccionada em malha de nylon. Seu visual em malha, permite uma f\u00e1cil visualiza\u00e7\u00e3o dos itens em seu interior. Os detalhes em dourado no z\u00edper, adicionam um toque de eleg\u00e2ncia e sofistica\u00e7\u00e3o.<\/p>\n<p>Altura :  14 cm<\/p>\n<p>Largura :  18,4 cm<\/p>\n<p>Quantidade minima de 50 unidades.<\/p>\n","protected":false},"featured_media":12032,"template":"","meta":[],"product_brand":[],"product_cat":[416],"product_tag":[],"class_list":{"0":"post-12031","1":"product","2":"type-product","3":"status-publish","4":"has-post-thumbnail","6":"product_cat-necessaire","8":"first","9":"instock","10":"shipping-taxable","11":"product-type-simple"},"_links":{"self":[{"href":"https:\/\/promoalge.com.br\/index.php?rest_route=\/wp\/v2\/product\/12031","targetHints":{"allow":["GET"]}}],"collection":[{"href":"https:\/\/promoalge.com.br\/index.php?rest_route=\/wp\/v2\/product"}],"about":[{"href":"https:\/\/promoalge.com.br\/index.php?rest_route=\/wp\/v2\/types\/product"}],"wp:featuredmedia":[{"embeddable":true,"href":"https:\/\/promoalge.com.br\/index.php?rest_route=\/wp\/v2\/media\/12032"}],"wp:attachment":[{"href":"https:\/\/promoalge.com.br\/index.php?rest_route=%2Fwp%2Fv2%2Fmedia&parent=12031"}],"wp:term":[{"taxonomy":"product_brand","embeddable":true,"href":"https:\/\/promoalge.com.br\/index.php?rest_route=%2Fwp%2Fv2%2Fproduct_brand&post=12031"},{"taxonomy":"product_cat","embeddable":true,"href":"https:\/\/promoalge.com.br\/index.php?rest_route=%2Fwp%2Fv2%2Fproduct_cat&post=12031"},{"taxonomy":"product_tag","embeddable":true,"href":"https:\/\/promoalge.com.br\/index.php?rest_route=%2Fwp%2Fv2%2Fproduct_tag&post=12031"}],"curies":[{"name":"wp","href":"https:\/\/api.w.org\/{rel}","templated":true}]}}