{"id":12033,"date":"2026-01-15T14:37:46","date_gmt":"2026-01-15T17:37:46","guid":{"rendered":"https:\/\/promoalge.com.br\/?post_type=product&#038;p=12033"},"modified":"2026-01-15T14:37:46","modified_gmt":"2026-01-15T17:37:46","slug":"necessaire-plastico-holografica-pr-08068","status":"publish","type":"product","link":"https:\/\/promoalge.com.br\/?product=necessaire-plastico-holografica-pr-08068","title":{"rendered":"N\u00e9cessaire Pl\u00e1stico Hologr\u00e1fica &#8211; PR 08068"},"content":{"rendered":"","protected":false},"excerpt":{"rendered":"<p>Descri\u00e7\u00e3o: Com a nossa n\u00e9cessaire hologr\u00e1fica, voc\u00ea leva muito mais do que o necess\u00e1rio, leva estilo! Produzida em TPU resistente \u00e0 \u00e1gua, ela oferece um visual \u00fanico e encantador.<\/p>\n<p>Altura :  12 cm<\/p>\n<p>Largura :  20,5 cm<\/p>\n<p>Profundidade :  8,5 cm<\/p>\n<p>Quantidade minima de 50 unidades.<\/p>\n","protected":false},"featured_media":12034,"template":"","meta":[],"product_brand":[],"product_cat":[416],"product_tag":[],"class_list":{"0":"post-12033","1":"product","2":"type-product","3":"status-publish","4":"has-post-thumbnail","6":"product_cat-necessaire","8":"first","9":"instock","10":"shipping-taxable","11":"product-type-simple"},"_links":{"self":[{"href":"https:\/\/promoalge.com.br\/index.php?rest_route=\/wp\/v2\/product\/12033","targetHints":{"allow":["GET"]}}],"collection":[{"href":"https:\/\/promoalge.com.br\/index.php?rest_route=\/wp\/v2\/product"}],"about":[{"href":"https:\/\/promoalge.com.br\/index.php?rest_route=\/wp\/v2\/types\/product"}],"wp:featuredmedia":[{"embeddable":true,"href":"https:\/\/promoalge.com.br\/index.php?rest_route=\/wp\/v2\/media\/12034"}],"wp:attachment":[{"href":"https:\/\/promoalge.com.br\/index.php?rest_route=%2Fwp%2Fv2%2Fmedia&parent=12033"}],"wp:term":[{"taxonomy":"product_brand","embeddable":true,"href":"https:\/\/promoalge.com.br\/index.php?rest_route=%2Fwp%2Fv2%2Fproduct_brand&post=12033"},{"taxonomy":"product_cat","embeddable":true,"href":"https:\/\/promoalge.com.br\/index.php?rest_route=%2Fwp%2Fv2%2Fproduct_cat&post=12033"},{"taxonomy":"product_tag","embeddable":true,"href":"https:\/\/promoalge.com.br\/index.php?rest_route=%2Fwp%2Fv2%2Fproduct_tag&post=12033"}],"curies":[{"name":"wp","href":"https:\/\/api.w.org\/{rel}","templated":true}]}}