{"id":12036,"date":"2026-01-15T14:40:34","date_gmt":"2026-01-15T17:40:34","guid":{"rendered":"https:\/\/promoalge.com.br\/?post_type=product&#038;p=12036"},"modified":"2026-01-15T14:40:34","modified_gmt":"2026-01-15T17:40:34","slug":"estojo-plastico-holografica-pr-08069","status":"publish","type":"product","link":"https:\/\/promoalge.com.br\/?product=estojo-plastico-holografica-pr-08069","title":{"rendered":"Estojo Pl\u00e1stico Hologr\u00e1fica &#8211; PR 08069"},"content":{"rendered":"","protected":false},"excerpt":{"rendered":"<p>Descri\u00e7\u00e3o: Com a nossa N\u00e9cessaire Hologr\u00e1fica, voc\u00ea leva muito mais do que o necess\u00e1rio, leva estilo! Produzida em TPU com cores vibrantes, ela oferece um visual \u00fanico e encantador. Resistente \u00e0 \u00e1gua, sua abertura \u00e9 em z\u00edper e permite guardar itens pessoais, material escolar, maquiagens e at\u00e9 acess\u00f3rios.<\/p>\n<p>Altura :  6 cm<\/p>\n<p>Largura :  6,5 cm<\/p>\n<p>Comprimento :  20 cm<\/p>\n<p>Quantidade minima de 50 unidades.<\/p>\n","protected":false},"featured_media":12037,"template":"","meta":[],"product_brand":[],"product_cat":[416],"product_tag":[],"class_list":{"0":"post-12036","1":"product","2":"type-product","3":"status-publish","4":"has-post-thumbnail","6":"product_cat-necessaire","8":"first","9":"instock","10":"shipping-taxable","11":"product-type-simple"},"_links":{"self":[{"href":"https:\/\/promoalge.com.br\/index.php?rest_route=\/wp\/v2\/product\/12036","targetHints":{"allow":["GET"]}}],"collection":[{"href":"https:\/\/promoalge.com.br\/index.php?rest_route=\/wp\/v2\/product"}],"about":[{"href":"https:\/\/promoalge.com.br\/index.php?rest_route=\/wp\/v2\/types\/product"}],"wp:featuredmedia":[{"embeddable":true,"href":"https:\/\/promoalge.com.br\/index.php?rest_route=\/wp\/v2\/media\/12037"}],"wp:attachment":[{"href":"https:\/\/promoalge.com.br\/index.php?rest_route=%2Fwp%2Fv2%2Fmedia&parent=12036"}],"wp:term":[{"taxonomy":"product_brand","embeddable":true,"href":"https:\/\/promoalge.com.br\/index.php?rest_route=%2Fwp%2Fv2%2Fproduct_brand&post=12036"},{"taxonomy":"product_cat","embeddable":true,"href":"https:\/\/promoalge.com.br\/index.php?rest_route=%2Fwp%2Fv2%2Fproduct_cat&post=12036"},{"taxonomy":"product_tag","embeddable":true,"href":"https:\/\/promoalge.com.br\/index.php?rest_route=%2Fwp%2Fv2%2Fproduct_tag&post=12036"}],"curies":[{"name":"wp","href":"https:\/\/api.w.org\/{rel}","templated":true}]}}