{"id":12046,"date":"2026-01-15T15:05:57","date_gmt":"2026-01-15T18:05:57","guid":{"rendered":"https:\/\/promoalge.com.br\/?post_type=product&#038;p=12046"},"modified":"2026-01-15T15:05:57","modified_gmt":"2026-01-15T18:05:57","slug":"necessaire-pvc-impermeavel-pr-18647g","status":"publish","type":"product","link":"https:\/\/promoalge.com.br\/?product=necessaire-pvc-impermeavel-pr-18647g","title":{"rendered":"N\u00e9cessaire PVC Imperme\u00e1vel &#8211; PR 18647G"},"content":{"rendered":"","protected":false},"excerpt":{"rendered":"<p>Descri\u00e7\u00e3o: N\u00e9cessaire imperme\u00e1vel em PVC com bordas em PU. Conta com al\u00e7a superior de m\u00e3o, fechamento em z\u00edper e puxadores no formato de cora\u00e7\u00e3o.<\/p>\n<p>Altura :  18 cm<\/p>\n<p>Largura :  23 cm<\/p>\n<p>Profundidade :  8,5 cm<\/p>\n<p>Quantidade minima de 50 unidades.<\/p>\n","protected":false},"featured_media":12047,"template":"","meta":[],"product_brand":[],"product_cat":[416],"product_tag":[],"class_list":{"0":"post-12046","1":"product","2":"type-product","3":"status-publish","4":"has-post-thumbnail","6":"product_cat-necessaire","8":"first","9":"instock","10":"shipping-taxable","11":"product-type-simple"},"_links":{"self":[{"href":"https:\/\/promoalge.com.br\/index.php?rest_route=\/wp\/v2\/product\/12046","targetHints":{"allow":["GET"]}}],"collection":[{"href":"https:\/\/promoalge.com.br\/index.php?rest_route=\/wp\/v2\/product"}],"about":[{"href":"https:\/\/promoalge.com.br\/index.php?rest_route=\/wp\/v2\/types\/product"}],"wp:featuredmedia":[{"embeddable":true,"href":"https:\/\/promoalge.com.br\/index.php?rest_route=\/wp\/v2\/media\/12047"}],"wp:attachment":[{"href":"https:\/\/promoalge.com.br\/index.php?rest_route=%2Fwp%2Fv2%2Fmedia&parent=12046"}],"wp:term":[{"taxonomy":"product_brand","embeddable":true,"href":"https:\/\/promoalge.com.br\/index.php?rest_route=%2Fwp%2Fv2%2Fproduct_brand&post=12046"},{"taxonomy":"product_cat","embeddable":true,"href":"https:\/\/promoalge.com.br\/index.php?rest_route=%2Fwp%2Fv2%2Fproduct_cat&post=12046"},{"taxonomy":"product_tag","embeddable":true,"href":"https:\/\/promoalge.com.br\/index.php?rest_route=%2Fwp%2Fv2%2Fproduct_tag&post=12046"}],"curies":[{"name":"wp","href":"https:\/\/api.w.org\/{rel}","templated":true}]}}