{"id":12049,"date":"2026-01-15T15:08:02","date_gmt":"2026-01-15T18:08:02","guid":{"rendered":"https:\/\/promoalge.com.br\/?post_type=product&#038;p=12049"},"modified":"2026-01-15T15:08:03","modified_gmt":"2026-01-15T18:08:03","slug":"necessaire-pvc-impermeavel-pr-18647p","status":"publish","type":"product","link":"https:\/\/promoalge.com.br\/?product=necessaire-pvc-impermeavel-pr-18647p","title":{"rendered":"N\u00e9cessaire PVC Imperme\u00e1vel &#8211; PR 18647P"},"content":{"rendered":"","protected":false},"excerpt":{"rendered":"<p>Descri\u00e7\u00e3o: N\u00e9cessaire imperme\u00e1vel em PVC com bordas em PU. Conta com al\u00e7a superior de m\u00e3o, fechamento em z\u00edper e puxadores no formato de cora\u00e7\u00e3o.<\/p>\n<p>Altura :  14 cm<\/p>\n<p>Largura :  18 cm<\/p>\n<p>Profundidade :  7 cm<\/p>\n<p>Quantidade minima de 50 unidades.<\/p>\n","protected":false},"featured_media":12050,"template":"","meta":[],"product_brand":[],"product_cat":[416],"product_tag":[],"class_list":{"0":"post-12049","1":"product","2":"type-product","3":"status-publish","4":"has-post-thumbnail","6":"product_cat-necessaire","8":"first","9":"instock","10":"shipping-taxable","11":"product-type-simple"},"_links":{"self":[{"href":"https:\/\/promoalge.com.br\/index.php?rest_route=\/wp\/v2\/product\/12049","targetHints":{"allow":["GET"]}}],"collection":[{"href":"https:\/\/promoalge.com.br\/index.php?rest_route=\/wp\/v2\/product"}],"about":[{"href":"https:\/\/promoalge.com.br\/index.php?rest_route=\/wp\/v2\/types\/product"}],"wp:featuredmedia":[{"embeddable":true,"href":"https:\/\/promoalge.com.br\/index.php?rest_route=\/wp\/v2\/media\/12050"}],"wp:attachment":[{"href":"https:\/\/promoalge.com.br\/index.php?rest_route=%2Fwp%2Fv2%2Fmedia&parent=12049"}],"wp:term":[{"taxonomy":"product_brand","embeddable":true,"href":"https:\/\/promoalge.com.br\/index.php?rest_route=%2Fwp%2Fv2%2Fproduct_brand&post=12049"},{"taxonomy":"product_cat","embeddable":true,"href":"https:\/\/promoalge.com.br\/index.php?rest_route=%2Fwp%2Fv2%2Fproduct_cat&post=12049"},{"taxonomy":"product_tag","embeddable":true,"href":"https:\/\/promoalge.com.br\/index.php?rest_route=%2Fwp%2Fv2%2Fproduct_tag&post=12049"}],"curies":[{"name":"wp","href":"https:\/\/api.w.org\/{rel}","templated":true}]}}