{"id":12063,"date":"2026-01-20T12:51:31","date_gmt":"2026-01-20T15:51:31","guid":{"rendered":"https:\/\/promoalge.com.br\/?post_type=product&#038;p=12063"},"modified":"2026-01-20T12:51:31","modified_gmt":"2026-01-20T15:51:31","slug":"necessaire-pvc-impermeavel-pr-18808","status":"publish","type":"product","link":"https:\/\/promoalge.com.br\/?product=necessaire-pvc-impermeavel-pr-18808","title":{"rendered":"N\u00e9cessaire PVC Imperme\u00e1vel &#8211; PR 18808"},"content":{"rendered":"","protected":false},"excerpt":{"rendered":"<p>Descri\u00e7\u00e3o: N\u00e9cessaire imperme\u00e1vel com partes frontais e traseiras em PVC transparente e laterais em PU. Possui fechamento em z\u00edper e al\u00e7a lateral em nylon.<\/p>\n<p>Altura :  15 cm<\/p>\n<p>Largura :  26,5 cm<\/p>\n<p>Profundidade :  8 cm<\/p>\n<p>Comprimento :  Al\u00e7a: 12,4 cm<\/p>\n<p>Quantidade minima de 50 unidades.<\/p>\n","protected":false},"featured_media":12064,"template":"","meta":[],"product_brand":[],"product_cat":[416],"product_tag":[],"class_list":{"0":"post-12063","1":"product","2":"type-product","3":"status-publish","4":"has-post-thumbnail","6":"product_cat-necessaire","8":"first","9":"instock","10":"shipping-taxable","11":"product-type-simple"},"_links":{"self":[{"href":"https:\/\/promoalge.com.br\/index.php?rest_route=\/wp\/v2\/product\/12063","targetHints":{"allow":["GET"]}}],"collection":[{"href":"https:\/\/promoalge.com.br\/index.php?rest_route=\/wp\/v2\/product"}],"about":[{"href":"https:\/\/promoalge.com.br\/index.php?rest_route=\/wp\/v2\/types\/product"}],"wp:featuredmedia":[{"embeddable":true,"href":"https:\/\/promoalge.com.br\/index.php?rest_route=\/wp\/v2\/media\/12064"}],"wp:attachment":[{"href":"https:\/\/promoalge.com.br\/index.php?rest_route=%2Fwp%2Fv2%2Fmedia&parent=12063"}],"wp:term":[{"taxonomy":"product_brand","embeddable":true,"href":"https:\/\/promoalge.com.br\/index.php?rest_route=%2Fwp%2Fv2%2Fproduct_brand&post=12063"},{"taxonomy":"product_cat","embeddable":true,"href":"https:\/\/promoalge.com.br\/index.php?rest_route=%2Fwp%2Fv2%2Fproduct_cat&post=12063"},{"taxonomy":"product_tag","embeddable":true,"href":"https:\/\/promoalge.com.br\/index.php?rest_route=%2Fwp%2Fv2%2Fproduct_tag&post=12063"}],"curies":[{"name":"wp","href":"https:\/\/api.w.org\/{rel}","templated":true}]}}