{"id":12070,"date":"2026-01-20T13:17:16","date_gmt":"2026-01-20T16:17:16","guid":{"rendered":"https:\/\/promoalge.com.br\/?post_type=product&#038;p=12070"},"modified":"2026-01-20T13:17:16","modified_gmt":"2026-01-20T16:17:16","slug":"necessaire-pu-pr-e18751","status":"publish","type":"product","link":"https:\/\/promoalge.com.br\/?product=necessaire-pu-pr-e18751","title":{"rendered":"N\u00e9cessaire PU &#8211; PR E@18751"},"content":{"rendered":"","protected":false},"excerpt":{"rendered":"<p>Descri\u00e7\u00e3o: Sofisticada e funcional, apresentamos a n\u00e9cessaire que foi projetada para ser uma tend\u00eancia. Feita de PU resistente \u00e0 \u00e1gua, ela oferece um amplo espa\u00e7o interno com divis\u00f3rias de el\u00e1stico para manter tudo organizado, al\u00e9m de um bolso central com z\u00edper para armazenamento seguro.<\/p>\n<p>Altura :  11,5 cm<\/p>\n<p>Largura :  24,5 cm<\/p>\n<p>Profundidade :  12,5 cm<\/p>\n<p>Quantidade minima de 50 unidades.<\/p>\n","protected":false},"featured_media":12071,"template":"","meta":[],"product_brand":[],"product_cat":[416],"product_tag":[],"class_list":{"0":"post-12070","1":"product","2":"type-product","3":"status-publish","4":"has-post-thumbnail","6":"product_cat-necessaire","8":"first","9":"instock","10":"shipping-taxable","11":"product-type-simple"},"_links":{"self":[{"href":"https:\/\/promoalge.com.br\/index.php?rest_route=\/wp\/v2\/product\/12070","targetHints":{"allow":["GET"]}}],"collection":[{"href":"https:\/\/promoalge.com.br\/index.php?rest_route=\/wp\/v2\/product"}],"about":[{"href":"https:\/\/promoalge.com.br\/index.php?rest_route=\/wp\/v2\/types\/product"}],"wp:featuredmedia":[{"embeddable":true,"href":"https:\/\/promoalge.com.br\/index.php?rest_route=\/wp\/v2\/media\/12071"}],"wp:attachment":[{"href":"https:\/\/promoalge.com.br\/index.php?rest_route=%2Fwp%2Fv2%2Fmedia&parent=12070"}],"wp:term":[{"taxonomy":"product_brand","embeddable":true,"href":"https:\/\/promoalge.com.br\/index.php?rest_route=%2Fwp%2Fv2%2Fproduct_brand&post=12070"},{"taxonomy":"product_cat","embeddable":true,"href":"https:\/\/promoalge.com.br\/index.php?rest_route=%2Fwp%2Fv2%2Fproduct_cat&post=12070"},{"taxonomy":"product_tag","embeddable":true,"href":"https:\/\/promoalge.com.br\/index.php?rest_route=%2Fwp%2Fv2%2Fproduct_tag&post=12070"}],"curies":[{"name":"wp","href":"https:\/\/api.w.org\/{rel}","templated":true}]}}